{"id":991,"date":"2022-10-14T11:04:32","date_gmt":"2022-10-14T14:04:32","guid":{"rendered":"https:\/\/fiacbahia.com.br\/?page_id=991"},"modified":"2024-09-22T11:43:48","modified_gmt":"2024-09-22T14:43:48","slug":"ingressos2022","status":"publish","type":"page","link":"https:\/\/fiacbahia.com.br\/2024\/ingressos2022\/","title":{"rendered":"Ingressos"},"content":{"rendered":"<p><strong>INSCRI\u00c7\u00d5ES OFICINAS FIAC BAHIA 2024:<\/strong><\/p>\n<p>Os festivais s\u00e3o momentos que estimulam novas experi\u00eancias e descobertas. Ao longo de suas edi\u00e7\u00f5es o FIAC Bahia vem investindo na dimens\u00e3o formativa do evento, no que diz respeito \u00e0 forma\u00e7\u00e3o inicial e qualifica\u00e7\u00e3o art\u00edstica.<\/p>\n<p>Em 2024 o FIAC mais uma vez aposta em a\u00e7\u00f5es que potencializam a intensidade das reflex\u00f5es trazidas por sua curadoria, oferecendo propostas de conex\u00e3o. As inscri\u00e7\u00f5es e informa\u00e7\u00f5es sobre as oficinas ser\u00e3o compartilhadas aqui, em breve.<\/p>\n<p><strong>COMPRA DE INGRESSOS:<\/strong><\/p>\n<p>Os ingressos para os espet\u00e1culos da 15a. edi\u00e7\u00e3o do FIAC Bahia devem ser adquiridos na Sympla ou presencialmente (na bilheteria dos teatros participantes, no dia de cada sess\u00e3o). Parte da programa\u00e7\u00e3o ser\u00e1 gratuita, com senhas compartilhadas nos locais das apresenta\u00e7\u00f5es. Em breve colocaremos aqui todos os links e valores referentes aos ingressos de toda a nossa programa\u00e7\u00e3o.<\/p>\n<p><strong>NEWSLETTER FIAC:<\/strong><\/p>\n<p>Quer ficar por dentro das novidades do FIAC Bahia em primeira m\u00e3o? Voc\u00ea pode se inscrever em nossa newsletter semanal <a href=\"https:\/\/mailchi.mp\/7oito\/cadastro\"><strong><em>clicando aqui<\/em><\/strong><\/a> e seguir o FIAC Bahia no Instagram, clicando em <a href=\"https:\/\/www.instagram.com\/fiacbahia\/\"><em><strong>@fiacbahia<\/strong><\/em><\/a>.<\/p>\n","protected":false},"excerpt":{"rendered":"<p>INSCRI\u00c7\u00d5ES OFICINAS FIAC BAHIA 2024:<\/p>\n<p>Os festivais s\u00e3o momentos que estimulam novas experi\u00eancias e descobertas. Ao longo de suas edi\u00e7\u00f5es o FIAC Bahia vem investindo na dimens\u00e3o formativa do evento, no que diz respeito \u00e0 forma\u00e7\u00e3o inicial e qualifica\u00e7\u00e3o art\u00edstica.<\/p>\n<p>Em 2024 o FIAC mais uma vez aposta em a\u00e7\u00f5es que potencializam a intensidade das reflex\u00f5es trazidas por sua curadoria, oferecendo propostas de conex\u00e3o. As inscri\u00e7\u00f5es e informa\u00e7\u00f5es sobre as oficinas ser\u00e3o compartilhadas aqui, em breve.<\/p>\n<p>COMPRA DE INGRESSOS:<\/p>\n<p>Os ingressos para os espet\u00e1culos da 15a. edi\u00e7\u00e3o do FIAC Bahia devem ser adquiridos na Sympla ou presencialmente (na bilheteria dos teatros participantes, no dia de cada sess\u00e3o). Parte da programa\u00e7\u00e3o ser\u00e1 gratuita, com senhas compartilhadas nos locais das apresenta\u00e7\u00f5es. Em breve colocaremos aqui todos os links e valores referentes aos ingressos de toda a nossa programa\u00e7\u00e3o.<\/p>\n<p>NEWSLETTER FIAC:<\/p>\n<p>Quer ficar por dentro das novidades do FIAC Bahia em primeira m\u00e3o? &#8230;<\/p>\n","protected":false},"author":1,"featured_media":0,"parent":0,"menu_order":0,"comment_status":"closed","ping_status":"closed","template":"page-template-fiac.php","meta":{"_et_pb_use_builder":"","_et_pb_old_content":"","_et_gb_content_width":"","footnotes":""},"class_list":["post-991","page","type-page","status-publish","hentry"],"acf":[],"_links":{"self":[{"href":"https:\/\/fiacbahia.com.br\/2024\/wp-json\/wp\/v2\/pages\/991","targetHints":{"allow":["GET"]}}],"collection":[{"href":"https:\/\/fiacbahia.com.br\/2024\/wp-json\/wp\/v2\/pages"}],"about":[{"href":"https:\/\/fiacbahia.com.br\/2024\/wp-json\/wp\/v2\/types\/page"}],"author":[{"embeddable":true,"href":"https:\/\/fiacbahia.com.br\/2024\/wp-json\/wp\/v2\/users\/1"}],"replies":[{"embeddable":true,"href":"https:\/\/fiacbahia.com.br\/2024\/wp-json\/wp\/v2\/comments?post=991"}],"version-history":[{"count":10,"href":"https:\/\/fiacbahia.com.br\/2024\/wp-json\/wp\/v2\/pages\/991\/revisions"}],"predecessor-version":[{"id":1159,"href":"https:\/\/fiacbahia.com.br\/2024\/wp-json\/wp\/v2\/pages\/991\/revisions\/1159"}],"wp:attachment":[{"href":"https:\/\/fiacbahia.com.br\/2024\/wp-json\/wp\/v2\/media?parent=991"}],"curies":[{"name":"wp","href":"https:\/\/api.w.org\/{rel}","templated":true}]}}