{"id":983,"date":"2022-10-13T18:29:26","date_gmt":"2022-10-13T21:29:26","guid":{"rendered":"https:\/\/fiacbahia.com.br\/?page_id=983"},"modified":"2024-10-01T09:41:14","modified_gmt":"2024-10-01T12:41:14","slug":"curadoria","status":"publish","type":"page","link":"https:\/\/fiacbahia.com.br\/2024\/curadoria\/","title":{"rendered":"Curadoria FIAC Bahia"},"content":{"rendered":"<p>A discuss\u00e3o curatorial do FIAC 2024 envolveu seis artistas da Bahia: Alexandra Dumas e V\u00e2nia Oliveira, curadoras convidadas desta edi\u00e7\u00e3o, se juntaram a Beto Mettig, Felipe de Assis, Luiz Ant\u00f4nio Sena Jr e Rita Aquino, grupo que j\u00e1 vem pensado, h\u00e1 alguns anos, sobre como refletir no Festival os variados caminhos das artes c\u00eanicas contempor\u00e2neas.<\/p>\n<p>Esse grupo se debru\u00e7ou sobre as obras e propostas inscritas no chamamento p\u00fablico e, a partir da\u00ed, come\u00e7ou a se perguntar: <em><strong>Que Bahia \u00e9 essa?<\/strong><\/em><\/p>\n<p>Nascia ali a identidade do FIAC Bahia em sua 15\u00b0 edi\u00e7\u00e3o, traduzida em imagens pela <a href=\"https:\/\/www.instagram.com\/tantocria\/\">TANTOCria<\/a> para revelar uma programa\u00e7\u00e3o potente como o momento pede.<\/p>\n<p><strong>Conhe\u00e7a nosso grupo curatorial:<\/strong><\/p>\n","protected":false},"excerpt":{"rendered":"<p>A discuss\u00e3o curatorial do FIAC 2024 envolveu seis artistas da Bahia: Alexandra Dumas e V\u00e2nia Oliveira, curadoras convidadas desta edi\u00e7\u00e3o, se juntaram a Beto Mettig, Felipe de Assis, Luiz Ant\u00f4nio Sena Jr e Rita Aquino, grupo que j\u00e1 vem pensado, h\u00e1 alguns anos, sobre como refletir no Festival os variados caminhos das artes c\u00eanicas contempor\u00e2neas.<\/p>\n<p>Esse grupo se debru\u00e7ou sobre as obras e propostas inscritas no chamamento p\u00fablico e, a partir da\u00ed, come\u00e7ou a se perguntar: Que Bahia \u00e9 essa?<\/p>\n<p>Nascia ali a identidade do FIAC Bahia em sua 15\u00b0 edi\u00e7\u00e3o, traduzida em imagens pela TANTOCria para revelar uma programa\u00e7\u00e3o potente como o momento pede.<\/p>\n<p>Conhe\u00e7a nosso grupo curatorial:<\/p>\n","protected":false},"author":1,"featured_media":0,"parent":0,"menu_order":0,"comment_status":"closed","ping_status":"closed","template":"page-template-fiac.php","meta":{"_et_pb_use_builder":"","_et_pb_old_content":"","_et_gb_content_width":"","footnotes":""},"class_list":["post-983","page","type-page","status-publish","hentry"],"acf":[],"_links":{"self":[{"href":"https:\/\/fiacbahia.com.br\/2024\/wp-json\/wp\/v2\/pages\/983","targetHints":{"allow":["GET"]}}],"collection":[{"href":"https:\/\/fiacbahia.com.br\/2024\/wp-json\/wp\/v2\/pages"}],"about":[{"href":"https:\/\/fiacbahia.com.br\/2024\/wp-json\/wp\/v2\/types\/page"}],"author":[{"embeddable":true,"href":"https:\/\/fiacbahia.com.br\/2024\/wp-json\/wp\/v2\/users\/1"}],"replies":[{"embeddable":true,"href":"https:\/\/fiacbahia.com.br\/2024\/wp-json\/wp\/v2\/comments?post=983"}],"version-history":[{"count":23,"href":"https:\/\/fiacbahia.com.br\/2024\/wp-json\/wp\/v2\/pages\/983\/revisions"}],"predecessor-version":[{"id":1211,"href":"https:\/\/fiacbahia.com.br\/2024\/wp-json\/wp\/v2\/pages\/983\/revisions\/1211"}],"wp:attachment":[{"href":"https:\/\/fiacbahia.com.br\/2024\/wp-json\/wp\/v2\/media?parent=983"}],"curies":[{"name":"wp","href":"https:\/\/api.w.org\/{rel}","templated":true}]}}