{"id":980,"date":"2022-10-13T18:00:16","date_gmt":"2022-10-13T21:00:16","guid":{"rendered":"https:\/\/fiacbahia.com.br\/?page_id=980"},"modified":"2024-09-22T11:54:28","modified_gmt":"2024-09-22T14:54:28","slug":"fiac15vaicomecar","status":"publish","type":"page","link":"https:\/\/fiacbahia.com.br\/2024\/fiac15vaicomecar\/","title":{"rendered":"Vai come\u00e7ar! FIAC 15"},"content":{"rendered":"<p>O <em><strong>Festival Internacional de Artes C\u00eanicas da Bahia<\/strong><\/em> retoma sua programa\u00e7\u00e3o este ano entre os dias 22 e 27 de outubro em Salvador, quando o p\u00fablico poder\u00e1 mais uma vez entrar em contato com espet\u00e1culos de dan\u00e7a, teatro e performance, al\u00e9m de participar de oficinas e encontros reflexivos que representam um recorte no momento atual das artes c\u00eanicas contempor\u00e2neas.<\/p>\n<p>E olhando para a identidade cultural da Bahia com o desejo de entender, provocar e mapear diversos segmentos da cultura, de diferentes regi\u00f5es do estado, o FIAC se pergunta: Que Bahia \u00e9 essa? A 15\u00aa. edi\u00e7\u00e3o do FIAC Bahia tem apoio financeiro do Estado da Bahia, atrav\u00e9s do Fundo de Cultura, Secretaria de Cultura e Secretaria da Fazenda.<\/p>\n<p><img loading=\"lazy\" decoding=\"async\" class=\"size-medium wp-image-1129 aligncenter\" src=\"https:\/\/fiacbahia.com.br\/2024\/wp-content\/uploads\/2024\/08\/FIAC-Bahia-Foto-Leonardo-Pastor-1-300x200.jpg\" alt=\"\" width=\"300\" height=\"200\" srcset=\"https:\/\/fiacbahia.com.br\/2024\/wp-content\/uploads\/2024\/08\/FIAC-Bahia-Foto-Leonardo-Pastor-1-300x200.jpg 300w, https:\/\/fiacbahia.com.br\/2024\/wp-content\/uploads\/2024\/08\/FIAC-Bahia-Foto-Leonardo-Pastor-1-1024x683.jpg 1024w, https:\/\/fiacbahia.com.br\/2024\/wp-content\/uploads\/2024\/08\/FIAC-Bahia-Foto-Leonardo-Pastor-1-768x512.jpg 768w, https:\/\/fiacbahia.com.br\/2024\/wp-content\/uploads\/2024\/08\/FIAC-Bahia-Foto-Leonardo-Pastor-1-1536x1025.jpg 1536w, https:\/\/fiacbahia.com.br\/2024\/wp-content\/uploads\/2024\/08\/FIAC-Bahia-Foto-Leonardo-Pastor-1-1080x720.jpg 1080w, https:\/\/fiacbahia.com.br\/2024\/wp-content\/uploads\/2024\/08\/FIAC-Bahia-Foto-Leonardo-Pastor-1.jpg 2048w\" sizes=\"auto, (max-width: 300px) 100vw, 300px\" \/><\/p>\n<p>Toda a programa\u00e7\u00e3o art\u00edstica do Festival, assim como as inscri\u00e7\u00f5es para as oficinas e encontros propostos, ser\u00e3o divulgadas em breve aqui no site e nas redes sociais do FIAC.<\/p>\n<p>Se quando surgiu, em 2008, a ideia do FIAC era colocar a Bahia num \u00e2mbito nacional e internacional de produ\u00e7\u00e3o e reflex\u00e3o das artes c\u00eanicas, em sua 15\u00aa. edi\u00e7\u00e3o o festival pensa Salvador n\u00e3o mais como o centro produtor\/exportador do estado, mas como um dos polos de uma regi\u00e3o que precisa olhar para si a partir de outro ch\u00e3o, buscando diferentes biomas para internacionalizar sua produ\u00e7\u00e3o.<\/p>\n<p>Assim, o FIAC Bahia completa 15 anos em 2024 se afirmando como um laborat\u00f3rio de inova\u00e7\u00e3o em artes c\u00eanicas que promove ambientes de forma\u00e7\u00e3o, cria\u00e7\u00e3o, produ\u00e7\u00e3o, difus\u00e3o e, sobretudo, como oportunidade para promover experi\u00eancias m\u00faltiplas do fazer art\u00edstico.<\/p>\n<p><img loading=\"lazy\" decoding=\"async\" class=\"size-medium wp-image-1008 aligncenter\" src=\"https:\/\/fiacbahia.com.br\/2024\/wp-content\/uploads\/2022\/10\/48985903008_2f27ab1aff_o-300x200.jpg\" alt=\"\" width=\"300\" height=\"200\" srcset=\"https:\/\/fiacbahia.com.br\/2024\/wp-content\/uploads\/2022\/10\/48985903008_2f27ab1aff_o-300x200.jpg 300w, https:\/\/fiacbahia.com.br\/2024\/wp-content\/uploads\/2022\/10\/48985903008_2f27ab1aff_o-1024x683.jpg 1024w, https:\/\/fiacbahia.com.br\/2024\/wp-content\/uploads\/2022\/10\/48985903008_2f27ab1aff_o-768x512.jpg 768w, https:\/\/fiacbahia.com.br\/2024\/wp-content\/uploads\/2022\/10\/48985903008_2f27ab1aff_o-1536x1024.jpg 1536w, https:\/\/fiacbahia.com.br\/2024\/wp-content\/uploads\/2022\/10\/48985903008_2f27ab1aff_o-2048x1366.jpg 2048w, https:\/\/fiacbahia.com.br\/2024\/wp-content\/uploads\/2022\/10\/48985903008_2f27ab1aff_o-1080x720.jpg 1080w\" sizes=\"auto, (max-width: 300px) 100vw, 300px\" \/><\/p>\n<p>O ano de 2024 marca tamb\u00e9m a realiza\u00e7\u00e3o da 9\u00aa. edi\u00e7\u00e3o do Semin\u00e1rio Internacional de Curadoria e Media\u00e7\u00e3o em Artes C\u00eanicas, que mais uma vez estabelece um espa\u00e7o de troca e interc\u00e2mbio entre p\u00fablicos, artistas, intelectuais e agentes culturais de diferentes partes do mundo, durante o Festival.<\/p>\n<p>Oficinas gratuitas, resid\u00eancias e encontros entram na programa\u00e7\u00e3o ao lado de uma potente media\u00e7\u00e3o cultural feita junto a comunidades e coletivos baianos, propondo a\u00e7\u00f5es colaborativas para a mobiliza\u00e7\u00e3o de p\u00fablicos que se posicionem como coprodutores, e n\u00e3o apenas espectadores das experi\u00eancias poss\u00edveis durante o FIAC.<\/p>\n<p>Ap\u00f3s 15 anos, o FIAC Bahia continua sendo um chamamento para a constru\u00e7\u00e3o coletiva, compreendendo que rela\u00e7\u00f5es de coautoria e fortalecimento de v\u00ednculos comunit\u00e1rios s\u00e3o a\u00e7\u00f5es em fluxo cont\u00ednuo, num tempo espiralado.<\/p>\n<p>Teremos um festival potente em 2024 e, desde j\u00e1, damos as boas-vindas e agradecemos a participa\u00e7\u00e3o de todes!<\/p>\n<p><img loading=\"lazy\" decoding=\"async\" class=\"size-medium wp-image-1156 aligncenter\" src=\"https:\/\/fiacbahia.com.br\/2024\/wp-content\/uploads\/2024\/09\/FIAC15_cartazweb-240x300.png\" alt=\"\" width=\"240\" height=\"300\" srcset=\"https:\/\/fiacbahia.com.br\/2024\/wp-content\/uploads\/2024\/09\/FIAC15_cartazweb-240x300.png 240w, https:\/\/fiacbahia.com.br\/2024\/wp-content\/uploads\/2024\/09\/FIAC15_cartazweb-819x1024.png 819w, https:\/\/fiacbahia.com.br\/2024\/wp-content\/uploads\/2024\/09\/FIAC15_cartazweb-768x960.png 768w, https:\/\/fiacbahia.com.br\/2024\/wp-content\/uploads\/2024\/09\/FIAC15_cartazweb.png 1080w\" sizes=\"auto, (max-width: 240px) 100vw, 240px\" \/><\/p>\n<p><strong>7oito projetos e produ\u00e7\u00f5es<\/strong><\/p>\n<p>A produ\u00e7\u00e3o do FIAC Bahia \u00e9 assinada pela 7oito, empresa sediada em Salvador (BA) que desenvolve projetos inovadores no campo das artes c\u00eanicas nos eixos de forma\u00e7\u00e3o, difus\u00e3o, pesquisa e cria\u00e7\u00e3o atrav\u00e9s do di\u00e1logo com artistas, comunidades, organiza\u00e7\u00f5es e institui\u00e7\u00f5es, no Brasil e no mundo.<\/p>\n<p><strong>forma\u00e7\u00e3o<\/strong><br \/>\nProjetos de media\u00e7\u00e3o cultural, cursos de qualifica\u00e7\u00e3o profissional, consultoria para forma\u00e7\u00e3o em artes e desenvolvimento de materiais did\u00e1ticos.<\/p>\n<p><strong>difus\u00e3o<\/strong><br \/>\nRealiza\u00e7\u00e3o do Festival Internacional de Artes C\u00eanicas da Bahia \u2013 FIAC Bahia, presta\u00e7\u00e3o de servi\u00e7os de curadoria para eventos, equipamentos culturais, programas e projetos.<\/p>\n<p><strong>pesquisa<\/strong><br \/>\nInvestiga\u00e7\u00f5es relacionadas aos p\u00fablicos da cultura, gera\u00e7\u00e3o de indicadores, an\u00e1lise estat\u00edstica e produ\u00e7\u00e3o de conhecimento especializado.<\/p>\n<p><strong>cria\u00e7\u00e3o<\/strong><br \/>\nProjetos interdisciplinares de dan\u00e7a, teatro e performance com \u00eanfase em colabora\u00e7\u00e3o e participa\u00e7\u00e3o.<\/p>\n<p>contato@7oito.com.br<br \/>\n<a href=\"https:\/\/7oito.com.br\/\">www.7oito.com.br<\/a><br \/>\n<a href=\"https:\/\/www.instagram.com\/7oitoproducoes\/\">@7oitoproducoes<\/a><\/p>\n<p>&nbsp;<\/p>\n","protected":false},"excerpt":{"rendered":"<p>O Festival Internacional de Artes C\u00eanicas da Bahia retoma sua programa\u00e7\u00e3o este ano entre os dias 22 e 27 de outubro em Salvador, quando o p\u00fablico poder\u00e1 mais uma vez entrar em contato com espet\u00e1culos de dan\u00e7a, teatro e performance, al\u00e9m de participar de oficinas e encontros reflexivos que representam um recorte no momento atual das artes c\u00eanicas contempor\u00e2neas.<\/p>\n<p>E olhando para a identidade cultural da Bahia com o desejo de entender, provocar e mapear diversos segmentos da cultura, de diferentes regi\u00f5es do estado, o FIAC se pergunta: Que Bahia \u00e9 essa? A 15\u00aa. edi\u00e7\u00e3o do FIAC Bahia tem apoio financeiro do Estado da Bahia, atrav\u00e9s do Fundo de Cultura, Secretaria de Cultura e Secretaria da Fazenda.<\/p>\n<\/p>\n<p>Toda a programa\u00e7\u00e3o art\u00edstica do Festival, assim como as inscri\u00e7\u00f5es para as oficinas e encontros propostos, ser\u00e3o divulgadas em breve aqui no site e nas redes sociais do FIAC.<\/p>\n<p>Se quando surgiu, &#8230;<\/p>\n","protected":false},"author":1,"featured_media":0,"parent":0,"menu_order":0,"comment_status":"closed","ping_status":"closed","template":"page-template-fiac.php","meta":{"_et_pb_use_builder":"","_et_pb_old_content":"","_et_gb_content_width":"","footnotes":""},"class_list":["post-980","page","type-page","status-publish","hentry"],"acf":[],"_links":{"self":[{"href":"https:\/\/fiacbahia.com.br\/2024\/wp-json\/wp\/v2\/pages\/980","targetHints":{"allow":["GET"]}}],"collection":[{"href":"https:\/\/fiacbahia.com.br\/2024\/wp-json\/wp\/v2\/pages"}],"about":[{"href":"https:\/\/fiacbahia.com.br\/2024\/wp-json\/wp\/v2\/types\/page"}],"author":[{"embeddable":true,"href":"https:\/\/fiacbahia.com.br\/2024\/wp-json\/wp\/v2\/users\/1"}],"replies":[{"embeddable":true,"href":"https:\/\/fiacbahia.com.br\/2024\/wp-json\/wp\/v2\/comments?post=980"}],"version-history":[{"count":5,"href":"https:\/\/fiacbahia.com.br\/2024\/wp-json\/wp\/v2\/pages\/980\/revisions"}],"predecessor-version":[{"id":1162,"href":"https:\/\/fiacbahia.com.br\/2024\/wp-json\/wp\/v2\/pages\/980\/revisions\/1162"}],"wp:attachment":[{"href":"https:\/\/fiacbahia.com.br\/2024\/wp-json\/wp\/v2\/media?parent=980"}],"curies":[{"name":"wp","href":"https:\/\/api.w.org\/{rel}","templated":true}]}}