{"id":1384,"date":"2025-08-13T09:38:43","date_gmt":"2025-08-13T12:38:43","guid":{"rendered":"https:\/\/fiacbahia.com.br\/?page_id=1384"},"modified":"2025-08-13T10:47:48","modified_gmt":"2025-08-13T13:47:48","slug":"inscricoes-bahia-2025","status":"publish","type":"page","link":"https:\/\/fiacbahia.com.br\/2024\/inscricoes-bahia-2025\/","title":{"rendered":"Inscri\u00e7\u00f5es FIAC 2025 &#8211; Artistas da Bahia"},"content":{"rendered":"<p>O FIAC Bahia chega \u00e0 sua 16\u00aa edi\u00e7\u00e3o em 2025 e Salvador vai, mais uma vez, respirar artes c\u00eanicas em suas diversas formas a partir do final de outubro. E o primeiro passo da caminhada at\u00e9 o Festival j\u00e1 foi dado: abrimos o chamado para artistas, grupos e coletivos baianos que queiram integrar a programa\u00e7\u00e3o deste ano com seus trabalhos de teatro, dan\u00e7a, performance, circo e\/ou outras experimenta\u00e7\u00f5es c\u00eanicas.<\/p>\n<p><img loading=\"lazy\" decoding=\"async\" class=\"alignnone wp-image-1385 aligncenter\" src=\"https:\/\/fiacbahia.com.br\/2024\/wp-content\/uploads\/2025\/08\/Museu-do-Que-Somos-FIAC-Bahia-2024-CORRE-Coletivo-Cenico_Foto-Guto-Muniz-300x200.jpg\" alt=\"\" width=\"452\" height=\"301\" srcset=\"https:\/\/fiacbahia.com.br\/2024\/wp-content\/uploads\/2025\/08\/Museu-do-Que-Somos-FIAC-Bahia-2024-CORRE-Coletivo-Cenico_Foto-Guto-Muniz-300x200.jpg 300w, https:\/\/fiacbahia.com.br\/2024\/wp-content\/uploads\/2025\/08\/Museu-do-Que-Somos-FIAC-Bahia-2024-CORRE-Coletivo-Cenico_Foto-Guto-Muniz.jpg 725w\" sizes=\"auto, (max-width: 452px) 100vw, 452px\" \/><\/p>\n<p>Entre os dias 5 e 15 de agosto, nossa curadoria est\u00e1 de portas abertas para receber propostas de todo o estado. Estamos em busca de cria\u00e7\u00f5es baianas, da capital e do interior, interessadas em ocupar palcos tradicionais, espa\u00e7os urbanos ou locais nada convencionais.<\/p>\n<p>Se voc\u00ea \u00e9 da Bahia e quer fazer parte da programa\u00e7\u00e3o do FIAC 2025, corre l\u00e1 e preenche o formul\u00e1rio dispon\u00edvel on-line. <strong>Clique <a href=\"https:\/\/docs.google.com\/forms\/d\/e\/1FAIpQLScJ1EpBOm1SP1gruLQ-x83RosVHvbSBovznbf1xr115bKyfYQ\/viewform\">NESTE LINK<\/a> para acessar o formul\u00e1rio de inscri\u00e7\u00e3o!<\/strong><\/p>\n<p>Ah, e se voc\u00ea \u00e9 de outro estado ou pa\u00eds, fica o lembrete: as participa\u00e7\u00f5es nacionais e internacionais do FIAC s\u00e3o definidas diretamente pela curadoria, a partir de um di\u00e1logo permanente com artistas e produ\u00e7\u00f5es de diversas partes do mundo. Se quiser apresentar seu trabalho, voc\u00ea pode escrever para contato@7oito.com.br, mas vale destacar que a grade de espet\u00e1culos convidados deste ano j\u00e1 est\u00e1 fechada, ok?<\/p>\n<p><img loading=\"lazy\" decoding=\"async\" class=\"alignnone wp-image-1386 aligncenter\" src=\"https:\/\/fiacbahia.com.br\/2024\/wp-content\/uploads\/2025\/08\/FIAC-no-Teatro-Experimental-Foto-Isabela-Bugmann-300x200.jpg\" alt=\"\" width=\"460\" height=\"306\" srcset=\"https:\/\/fiacbahia.com.br\/2024\/wp-content\/uploads\/2025\/08\/FIAC-no-Teatro-Experimental-Foto-Isabela-Bugmann-300x200.jpg 300w, https:\/\/fiacbahia.com.br\/2024\/wp-content\/uploads\/2025\/08\/FIAC-no-Teatro-Experimental-Foto-Isabela-Bugmann.jpg 702w\" sizes=\"auto, (max-width: 460px) 100vw, 460px\" \/><\/p>\n<p>O FIAC Bahia 2025 acontece entre os dias 28 de outubro e 2 de novembro, em Salvador. Ser\u00e3o seis dias de uma programa\u00e7\u00e3o intensa, com espet\u00e1culos, oficinas, debates e encontros que nos ajudam a pensar (e repensar) o agora das artes c\u00eanicas.<\/p>\n<p>O FIAC Bahia tem apoio financeiro do Governo do Estado, atrav\u00e9s do Fundo de Cultura, Secretaria da Fazenda e Secretaria de Cultura da Bahia . Em 2025, ele segue como um espa\u00e7o fundamental para o fortalecimento da cena art\u00edstica local, promovendo interc\u00e2mbio entre artistas, forma\u00e7\u00e3o de plateia e acesso \u00e0 cultura.<\/p>\n<p>Nos vemos em breve. E desde j\u00e1, nosso agradecimento a todes que somam com a gente nessa constru\u00e7\u00e3o!<\/p>\n<p><strong>FIAC Bahia 2025 \u2013 Inscri\u00e7\u00f5es de propostas baianas<\/strong><br \/>\n<strong>Quando:<\/strong> Inscri\u00e7\u00f5es de 5 a 15 de agosto de 2025<br \/>\n<strong>Inscri\u00e7\u00f5es<\/strong>: <strong>Clique <a href=\"https:\/\/docs.google.com\/forms\/d\/e\/1FAIpQLScJ1EpBOm1SP1gruLQ-x83RosVHvbSBovznbf1xr115bKyfYQ\/viewform\">NESTE LINK<\/a> para acessar o formul\u00e1rio de inscri\u00e7\u00e3o<\/strong><br \/>\n<strong>Realiza\u00e7\u00e3o do festival:<\/strong> De 28 de outubro a 2 de novembro de 2025<br \/>\n<strong>Siga o FIAC Bahia no Instagram:<\/strong> <a href=\"https:\/\/www.instagram.com\/fiacbahia\/\">https:\/\/www.instagram.com\/fiacbahia\/\u00a0<\/a><\/p>\n<p>&nbsp;<\/p>\n","protected":false},"excerpt":{"rendered":"<p>O FIAC Bahia chega \u00e0 sua 16\u00aa edi\u00e7\u00e3o em 2025 e Salvador vai, mais uma vez, respirar artes c\u00eanicas em suas diversas formas a partir do final de outubro. E o primeiro passo da caminhada at\u00e9 o Festival j\u00e1 foi dado: abrimos o chamado para artistas, grupos e coletivos baianos que queiram integrar a programa\u00e7\u00e3o deste ano com seus trabalhos de teatro, dan\u00e7a, performance, circo e\/ou outras experimenta\u00e7\u00f5es c\u00eanicas.<\/p>\n<\/p>\n<p>Entre os dias 5 e 15 de agosto, nossa curadoria est\u00e1 de portas abertas para receber propostas de todo o estado. Estamos em busca de cria\u00e7\u00f5es baianas, da capital e do interior, interessadas em ocupar palcos tradicionais, espa\u00e7os urbanos ou locais nada convencionais.<\/p>\n<p>Se voc\u00ea \u00e9 da Bahia e quer fazer parte da programa\u00e7\u00e3o do FIAC 2025, corre l\u00e1 e preenche o formul\u00e1rio dispon\u00edvel on-line. Clique NESTE LINK para acessar o formul\u00e1rio de inscri\u00e7\u00e3o!<\/p>\n<p>Ah, e se voc\u00ea \u00e9 de &#8230;<\/p>\n","protected":false},"author":8,"featured_media":0,"parent":0,"menu_order":0,"comment_status":"closed","ping_status":"closed","template":"","meta":{"_et_pb_use_builder":"","_et_pb_old_content":"","_et_gb_content_width":"","footnotes":""},"class_list":["post-1384","page","type-page","status-publish","hentry"],"acf":[],"_links":{"self":[{"href":"https:\/\/fiacbahia.com.br\/2024\/wp-json\/wp\/v2\/pages\/1384","targetHints":{"allow":["GET"]}}],"collection":[{"href":"https:\/\/fiacbahia.com.br\/2024\/wp-json\/wp\/v2\/pages"}],"about":[{"href":"https:\/\/fiacbahia.com.br\/2024\/wp-json\/wp\/v2\/types\/page"}],"author":[{"embeddable":true,"href":"https:\/\/fiacbahia.com.br\/2024\/wp-json\/wp\/v2\/users\/8"}],"replies":[{"embeddable":true,"href":"https:\/\/fiacbahia.com.br\/2024\/wp-json\/wp\/v2\/comments?post=1384"}],"version-history":[{"count":5,"href":"https:\/\/fiacbahia.com.br\/2024\/wp-json\/wp\/v2\/pages\/1384\/revisions"}],"predecessor-version":[{"id":1395,"href":"https:\/\/fiacbahia.com.br\/2024\/wp-json\/wp\/v2\/pages\/1384\/revisions\/1395"}],"wp:attachment":[{"href":"https:\/\/fiacbahia.com.br\/2024\/wp-json\/wp\/v2\/media?parent=1384"}],"curies":[{"name":"wp","href":"https:\/\/api.w.org\/{rel}","templated":true}]}}