{"id":1356,"date":"2024-11-01T08:35:57","date_gmt":"2024-11-01T11:35:57","guid":{"rendered":"https:\/\/fiacbahia.com.br\/?page_id=1356"},"modified":"2024-11-19T16:40:43","modified_gmt":"2024-11-19T19:40:43","slug":"o-que-rolou-em-2024","status":"publish","type":"page","link":"https:\/\/fiacbahia.com.br\/2024\/o-que-rolou-em-2024\/","title":{"rendered":"Tudo o que rolou no FIAC 2024!"},"content":{"rendered":"<p><strong>A 15\u00aa Edi\u00e7\u00e3o do FIAC Bahia foi uma celebra\u00e7\u00e3o \u00e0 cultura e \u00e0 diversidade c\u00eanica<\/strong><\/p>\n<p>O FIAC Bahia come\u00e7ou sua 15\u00aa edi\u00e7\u00e3o se perguntando: \u201cQue Bahia \u00e9 Essa?\u201d. Ao longo de seis dias de programa\u00e7\u00e3o vibrante, artistas, t\u00e9cnicos(as), pesquisadoras(es) e p\u00fablico conviveram com essa provoca\u00e7\u00e3o atrav\u00e9s de est\u00edmulos diversos.<\/p>\n<p>Mas o que se revelou nos encontros e espet\u00e1culos realizados entre os dias 22 e 27 de outubro em Salvador foi que essa n\u00e3o era uma pergunta ilustrativa ou sequer o tema da 15\u00aa Edi\u00e7\u00e3o do FIAC Bahia; representava um questionamento que colocava \u2013 e coloca \u2013 o Festival em movimento, propondo a todes olhar para o passado, o presente e o futuro das artes c\u00eanicas no estado.<\/p>\n<p>Sim, o festival provocou reflex\u00f5es sobre a identidade cultural baiana e as complexidades da contemporaneidade, mas, mesmo quando a Bahia n\u00e3o era o ponto focal da quest\u00e3o abordada em cena, a pergunta \u201cQue Bahia \u00e9 Essa?\u201d tornava-se presente atrav\u00e9s da provoca\u00e7\u00e3o essencial do FIAC: Como artistas do estado podem se enxergar neste contexto?<\/p>\n<p>Em 2024, o FIAC Bahia contou com quase 100 profissionais diretamente envolvidas(os), al\u00e9m de mais 300 pessoas, indiretamente. Entre <a href=\"https:\/\/fiacbahia.com.br\/fichatec\/\"><em><strong>AQUI<\/strong><\/em><\/a> para conhecer as pessoas respons\u00e1veis por colocar o festival em p\u00e9 este ano!<\/p>\n<p>A 15\u00aa. edi\u00e7\u00e3o do FIAC Bahia \u00e9 uma realiza\u00e7\u00e3o 7oito Projetos e Produ\u00e7\u00f5es, com apoio financeiro do Estado da Bahia, atrav\u00e9s do Fundo de Cultura, Secretaria de Cultura e Secretaria da Fazenda.<\/p>\n<p>Convidamos voc\u00ea a conhecer\/relembrar alguns pontos altos do Festival este ano:<\/p>\n<p><strong>IN\u00cdCIO APOTE\u00d3TICO<\/strong><\/p>\n<p>A abertura do FIAC aconteceu no dia 22 de outubro com a vibrante apresenta\u00e7\u00e3o do espet\u00e1culo carioca Vogue Funk, que misturou elementos das culturas ballroom e funk para celebrar a express\u00e3o e resist\u00eancia das periferias brasileiras.<\/p>\n<p><img loading=\"lazy\" decoding=\"async\" class=\"size-medium wp-image-1371 aligncenter\" src=\"https:\/\/fiacbahia.com.br\/2024\/wp-content\/uploads\/2024\/11\/Vogue-Funk-no-FIAC-Bahia-2024-Foto-A-Isabela-Bugmann-300x200.jpg\" alt=\"\" width=\"300\" height=\"200\" srcset=\"https:\/\/fiacbahia.com.br\/2024\/wp-content\/uploads\/2024\/11\/Vogue-Funk-no-FIAC-Bahia-2024-Foto-A-Isabela-Bugmann-300x200.jpg 300w, https:\/\/fiacbahia.com.br\/2024\/wp-content\/uploads\/2024\/11\/Vogue-Funk-no-FIAC-Bahia-2024-Foto-A-Isabela-Bugmann.jpg 400w\" sizes=\"auto, (max-width: 300px) 100vw, 300px\" \/><\/p>\n<p>Um p\u00fablico diverso e participativo marcou o in\u00edcio de uma jornada intensa, que contou com a presen\u00e7a do Secret\u00e1rio de Cultura Bruno Monteiro, representando o Estado da Bahia, da Profa. Suki Guimar\u00e3es, representando a Escola de Dan\u00e7a da UFBA, Leo Teles, Coordenador de Teatro da FUNCEB e Gabriela Sanddyego, Diretora das Artes da FUNCEB, entre outros(as) representantes oficiais<\/p>\n<p>Este espet\u00e1culo foi uma introdu\u00e7\u00e3o impactante a uma curadoria em que o corpo humano assume papel central, funcionando como ve\u00edculo de express\u00e3o de mem\u00f3rias e narrativas, de viv\u00eancias pessoais e coletivas.<\/p>\n<p><strong>FORECAST NO FIAC<\/strong><\/p>\n<p>A parceria entre o FIAC Bahia e a plataforma Forecast mostrou-se um sucesso absoluto ao promover, neste ano, um encontro art\u00edstico profundo que fortaleceu o di\u00e1logo entre Brasil, Marrocos e Alemanha. A Forecast, plataforma internacional baseada na Alemanha e dedicada a fomentar e apoiar pr\u00e1ticas criativas inovadoras, trouxe ao FIAC uma resid\u00eancia art\u00edstica envolvendo os artistas Alice Ripoll (RJ) e Mehdi Dahkan (Marrocos).<\/p>\n<p><img loading=\"lazy\" decoding=\"async\" class=\"size-medium wp-image-1363 aligncenter\" src=\"https:\/\/fiacbahia.com.br\/2024\/wp-content\/uploads\/2024\/11\/KM\u00b4s-of-Resistence-foto-Isabela-Bugmann-300x200.jpg\" alt=\"\" width=\"300\" height=\"200\" srcset=\"https:\/\/fiacbahia.com.br\/2024\/wp-content\/uploads\/2024\/11\/KM\u00b4s-of-Resistence-foto-Isabela-Bugmann-300x200.jpg 300w, https:\/\/fiacbahia.com.br\/2024\/wp-content\/uploads\/2024\/11\/KM\u00b4s-of-Resistence-foto-Isabela-Bugmann.jpg 650w\" sizes=\"auto, (max-width: 300px) 100vw, 300px\" \/><\/p>\n<p>A apresenta\u00e7\u00e3o da mostra de processo dessa resid\u00eancia no FIAC revelou ao p\u00fablico um extrato solo de \u201cKMs of Resistance\u201d, explorando o poder do movimento e do ritmo para questionar normas sociais dominantes.<\/p>\n<p>A vinda do artista Mehdi Dahkan (Marrocos) ao FIAC permitiu que o p\u00fablico pudesse conferir tamb\u00e9m \u00e0 performance &#8220;Subject to&#8221;, de sua autoria, em duas sess\u00f5es concorrid\u00edssimas no Teatro Gamboa. Tanto as sess\u00f5es de \u201cSubject to\u201d quando a mostra de processo \u201cKM\u00b4s of Resistence\u201d contaram com ricos debates com o p\u00fablico ap\u00f3s a apresenta\u00e7\u00e3o, ampliando a rela\u00e7\u00e3o do p\u00fablico com o artista e seus espet\u00e1culos.<\/p>\n<p>Essa colabora\u00e7\u00e3o gerou um aprendizado m\u00fatuo valioso, consolidando uma base s\u00f3lida para, talvez, futuros projetos conjuntos, capazes de elevar o potencial art\u00edstico das duas organiza\u00e7\u00f5es.<\/p>\n<p><strong>DEMOCRACIA EM PAUTA<\/strong><\/p>\n<p>A 9\u00aa edi\u00e7\u00e3o do Semin\u00e1rio Internacional de Curadoria e Media\u00e7\u00e3o em Artes C\u00eanicas no FIAC Bahia criou um espa\u00e7o de di\u00e1logo entre o p\u00fablico, artistas, intelectuais e agentes culturais. Com atividades totalmente gratuitas, o Semin\u00e1rio investigou, questionou e identificou pontos de aproxima\u00e7\u00e3o e contraste em rela\u00e7\u00e3o \u00e0 realidade baiana e a de outras regi\u00f5es do Brasil e do Mundo. E dois encontros tiveram especial interesse na rela\u00e7\u00e3o entre pol\u00edtica, democracia e artes c\u00eanicas:<\/p>\n<p><img loading=\"lazy\" decoding=\"async\" class=\"size-medium wp-image-1368 aligncenter\" src=\"https:\/\/fiacbahia.com.br\/2024\/wp-content\/uploads\/2024\/11\/Seminario-do-no-FIAC-Bahia-2024-Foto-Isabela-Bugmann-300x200.jpg\" alt=\"\" width=\"300\" height=\"200\" srcset=\"https:\/\/fiacbahia.com.br\/2024\/wp-content\/uploads\/2024\/11\/Seminario-do-no-FIAC-Bahia-2024-Foto-Isabela-Bugmann-300x200.jpg 300w, https:\/\/fiacbahia.com.br\/2024\/wp-content\/uploads\/2024\/11\/Seminario-do-no-FIAC-Bahia-2024-Foto-Isabela-Bugmann.jpg 400w\" sizes=\"auto, (max-width: 300px) 100vw, 300px\" \/><\/p>\n<p>Daniele \u00c1vila Small (artista, cr\u00edtica e curadora do RJ), Guto Muniz (fot\u00f3grafo e professor de MG) e La\u00eds Machado (atriz, cr\u00edtica teatral e produtore da BA) apresentaram em primeira m\u00e3o no FIAC o resultado do projeto &#8220;O teatro e a democracia brasileira\u201d, lan\u00e7ado em mar\u00e7o de 2024 e que selecionou 50 trabalhos das artes c\u00eanicas criados e encenados a partir de 1985 que, atrav\u00e9s de suas propostas e encena\u00e7\u00f5es, foram de grande import\u00e2ncia nas discuss\u00f5es sobre o processo democr\u00e1tico brasileiro. para acessar este trabalho, <a href=\"https:\/\/trilhasdacena.com.br\/iniciativas\/o-teatro-e-a-democracia-brasileira\/\"><em><strong>CLIQUE AQU<\/strong><\/em><\/a>I.<\/p>\n<p><img loading=\"lazy\" decoding=\"async\" class=\"size-medium wp-image-1372 aligncenter\" src=\"https:\/\/fiacbahia.com.br\/2024\/wp-content\/uploads\/2024\/11\/Hugo-Cruz-no-FIAC-Bahia-2024-Foto-Isabela-Bugmann-300x200.jpg\" alt=\"\" width=\"300\" height=\"200\" srcset=\"https:\/\/fiacbahia.com.br\/2024\/wp-content\/uploads\/2024\/11\/Hugo-Cruz-no-FIAC-Bahia-2024-Foto-Isabela-Bugmann-300x200.jpg 300w, https:\/\/fiacbahia.com.br\/2024\/wp-content\/uploads\/2024\/11\/Hugo-Cruz-no-FIAC-Bahia-2024-Foto-Isabela-Bugmann.jpg 650w\" sizes=\"auto, (max-width: 300px) 100vw, 300px\" \/><\/p>\n<p>J\u00e1 o professor e consultor portugu\u00eas Hugo Cruz aproveitou o lan\u00e7amento no FIAC do seu livro \u201cPr\u00e1ticas Art\u00edsticas, Participa\u00e7\u00e3o e Pol\u00edtica\u201d para dividir insights de suas pesquisas em Portugal e Brasil sobre os desafios e possibilidades da participa\u00e7\u00e3o c\u00edvica atrav\u00e9s da arte. O encontro reuniu artistas e produtoras(es) interessados em articular suas atua\u00e7\u00f5es com comunidades, projetos sociais e pensamentos art\u00edsticos.<\/p>\n<p><strong>ESPA\u00c7OS E GRUPOS DA BAHIA<\/strong><\/p>\n<p>Outro destaque no Semin\u00e1rio foi no encontro \u201cEspa\u00e7os art\u00edsticos em Salvador: territ\u00f3rios, comunidades e p\u00fablicos\u201d. Criando um ambiente de aproxima\u00e7\u00e3o e fortalecimento de redes atrav\u00e9s da escuta e da fala, o FIAC convidou representantes locais para rodadas de conversas informais com o p\u00fablico, que pode trocar e conhecer melhor o trabalho e a realidade desses espa\u00e7os. Estiveram presentes no encontro Daniel Moreno e Jones Mota (Teatro Cereja), Ellen Mello (Cada Arte D\u00e1 Trabalho), Fernanda Paquelet (Galp\u00e3o Wilson Melo), Gordo Neto (Casa Preta), Luana Serrat (Circo Picolino), Maur\u00edcio Assun\u00e7\u00e3o (Teatro Gamboa Nova), Robson Mol (Doutorando PPGAC UFBA), Thiago Carvalho (Casa Evo\u00e9).<\/p>\n<p><img loading=\"lazy\" decoding=\"async\" class=\"size-medium wp-image-1362 aligncenter\" src=\"https:\/\/fiacbahia.com.br\/2024\/wp-content\/uploads\/2024\/11\/Coletivos-baiano-no-FIAC-2024-foto-Isabela-Bugmann-300x200.jpg\" alt=\"\" width=\"300\" height=\"200\" srcset=\"https:\/\/fiacbahia.com.br\/2024\/wp-content\/uploads\/2024\/11\/Coletivos-baiano-no-FIAC-2024-foto-Isabela-Bugmann-300x200.jpg 300w, https:\/\/fiacbahia.com.br\/2024\/wp-content\/uploads\/2024\/11\/Coletivos-baiano-no-FIAC-2024-foto-Isabela-Bugmann.jpg 650w\" sizes=\"auto, (max-width: 300px) 100vw, 300px\" \/><\/p>\n<p><strong>CR\u00cdTICAS \u00c0 QUEIMA-ROUPA<\/strong><\/p>\n<p>Numa parceria com o FIAC este ano, a Revista Barril, com Alana Falc\u00e3o (Artista da dan\u00e7a, Professora e Escritora da Bahia), a Trilhas da Cena, com Daniele \u00c1vila Small (artista, cr\u00edtica e curadora do RJ) e Leonardo Fazolla (Ator, produtor, pesquisador do RJ) produziram cr\u00edticas da programa\u00e7\u00e3o art\u00edstica do FIAC para a internet.<\/p>\n<p><img loading=\"lazy\" decoding=\"async\" class=\"size-medium wp-image-1373 aligncenter\" src=\"https:\/\/fiacbahia.com.br\/2024\/wp-content\/uploads\/2024\/11\/CONTRA-XAWARA-no-FIAC-Bahia-2024-Foto-Guto-Muniz-300x200.jpg\" alt=\"\" width=\"300\" height=\"200\" srcset=\"https:\/\/fiacbahia.com.br\/2024\/wp-content\/uploads\/2024\/11\/CONTRA-XAWARA-no-FIAC-Bahia-2024-Foto-Guto-Muniz-300x200.jpg 300w, https:\/\/fiacbahia.com.br\/2024\/wp-content\/uploads\/2024\/11\/CONTRA-XAWARA-no-FIAC-Bahia-2024-Foto-Guto-Muniz.jpg 400w\" sizes=\"auto, (max-width: 300px) 100vw, 300px\" \/><\/p>\n<p>Como a pr\u00f3pria Revista Barril conceituou, foram coberturas do festival \u201c\u00e0 queima-roupa\u201d, com v\u00eddeos postados no Instagram a partir das impress\u00f5es\/sensa\u00e7\u00f5es\/reflex\u00f5es geradas ap\u00f3s as sess\u00f5es. Quer conferir? Vamos l\u00e1:<\/p>\n<ul>\n<li>Cr\u00edtica de Alana Falc\u00e3o para &#8220;Vogue Funk\u201d, sob dire\u00e7\u00e3o de Patfudyda\/Wallace Ferreira. <a href=\"https:\/\/www.instagram.com\/reel\/DBmERvKpe5B\/?utm_source=ig_web_copy_link&amp;igsh=MzRlODBiNWFlZA==\"><em><strong>CLIQUE AQUI<\/strong><\/em><\/a> para conferir<\/li>\n<li>Cr\u00edtica de Alana Falc\u00e3o do espet\u00e1culo-manifesto &#8220;CONTRA XAWARA&#8221;, de Ju\u00e3o Nin.<a href=\"https:\/\/www.instagram.com\/reel\/DBomesopOxt\/?utm_source=ig_web_copy_link&amp;igsh=MzRlODBiNWFlZA==\"> <em><strong>CLIQUE AQUI<\/strong><\/em><\/a> para conferir<\/li>\n<li>Cr\u00edtica de Alana Falc\u00e3o da pe\u00e7a \u201cMeu Corpo Est\u00e1 Aqui\u201d, do Rio de Janeiro, com texto e dire\u00e7\u00e3o de Clara Kutner e Julia Spadaccini. <a href=\"https:\/\/www.instagram.com\/reel\/DBrbue0yCcW\/?utm_source=ig_web_copy_link&amp;igsh=MzRlODBiNWFlZA==\"><em><strong>CLIQUE AQUI<\/strong><\/em><\/a> para conferir<\/li>\n<li>Cr\u00edtica de Alana Falc\u00e3o da obra &#8220;L&#8217;Homme V.&#8221;, de Vincent Warin \u2013 Cie 3.6\/3.4 (Fran\u00e7a). <a href=\"https:\/\/www.instagram.com\/reel\/DBr14nryr7z\/?utm_source=ig_web_copy_link&amp;igsh=MzRlODBiNWFlZA==\"><em><strong>CLIQUE AQUI<\/strong><\/em><\/a> para conferir<\/li>\n<li>Cr\u00edtica de Daniele Avila Small para &#8220;SAMPLE: \u00e9 que nem cortar quiabo&#8221;, de Brunno de Jesus (BA).<a href=\"https:\/\/www.instagram.com\/reel\/DBmGSlXpoPn\/?utm_source=ig_web_copy_link&amp;igsh=MzRlODBiNWFlZA==\"> <strong><em>CLIQUE AQUI<\/em><\/strong> <\/a>para conferir<\/li>\n<li>Cr\u00edtica de Daniele Avila Small para &#8220;Museu do Que Somos&#8221;, do CORRE Coletivo C\u00eanico (BA). <a href=\"https:\/\/www.instagram.com\/reel\/DCPNOsmJReY\/?utm_source=ig_web_copy_link&amp;igsh=MzRlODBiNWFlZA==\"><em><strong>CLIQUE AQUI<\/strong><\/em><\/a> para conferir<\/li>\n<li>Cr\u00edtica de Leonardo Fazolla para &#8220;Eu c\u00e1 com meus bot\u00f5es&#8221;, do Coletivo Tripp\u00e9 (BA). <a href=\"https:\/\/www.instagram.com\/reel\/DCUtr0pJGcp\/?utm_source=ig_web_copy_link&amp;igsh=MzRlODBiNWFlZA==\"><em><strong>CLIQUE AQUI<\/strong><\/em><\/a> para conferir<\/li>\n<\/ul>\n<p><strong>TRILHAS DA CENA<br \/>\n<\/strong><\/p>\n<p>Em 2024 o FIAC Bahia investiu no est\u00edmulo \u00e0 internacionaliza\u00e7\u00e3o das obras do estado da Bahia que participaram da programa\u00e7\u00e3o do festival, atrav\u00e9s da cria\u00e7\u00e3o de uma p\u00e1gina bil\u00edngue destes espet\u00e1culos e\/ou artistas em parceria com a plataforma Trilhas da Cena. Em agosto de 2023 lan\u00e7ou A plataforma Trilhas da Cena foi idealizada pelo fot\u00f3grafo e professor Guto Muniz e foi lan\u00e7ada em 2023. Nela, Guto rompe com as barreiras do seu acervo pr\u00f3prio de imagens do teatro brasileiro e convida profissionais envolvidos nas artes c\u00eanicas \u2013 e tamb\u00e9m amantes dessa cena \u2013 para uma constru\u00e7\u00e3o conjunta e colaborativa da mem\u00f3ria do teatro, da dan\u00e7a, do circo e da performance brasileiras.<\/p>\n<p><img loading=\"lazy\" decoding=\"async\" class=\"size-medium wp-image-1367 aligncenter\" src=\"https:\/\/fiacbahia.com.br\/2024\/wp-content\/uploads\/2024\/11\/54105627019_087a0bf196_w-300x200.jpg\" alt=\"\" width=\"300\" height=\"200\" srcset=\"https:\/\/fiacbahia.com.br\/2024\/wp-content\/uploads\/2024\/11\/54105627019_087a0bf196_w-300x200.jpg 300w, https:\/\/fiacbahia.com.br\/2024\/wp-content\/uploads\/2024\/11\/54105627019_087a0bf196_w.jpg 400w\" sizes=\"auto, (max-width: 300px) 100vw, 300px\" \/><\/p>\n<p>Para saber mais sobre o projeto, \u00e9 s\u00f3 acessar o Trilhas da Cena <a href=\"https:\/\/trilhasdacena.com.br\/\"><em><strong>CLICANDO AQUI<\/strong><\/em><\/a>.<\/p>\n<p><strong>OCUPA\u00c7\u00c3O DE ESPA\u00c7OS DA CIDADE<br \/>\n<\/strong><\/p>\n<p>O FIAC Bahia 15 dialogou com Salvador tamb\u00e9m a partir da maneira como ocupou seus espa\u00e7os culturais, espa\u00e7os p\u00fablicos e ambientes n\u00e3o convencionais. As parcerias com o Museu de Arte Contempor\u00e2nea, o Museu de Arte da Bahia, a Escola de Dan\u00e7a da Funceb e a Universidade Federal da Bahia (atrav\u00e9s da Escola de Dan\u00e7a e da Escola de Teatro) permitiram ao p\u00fablico fluir com a programa\u00e7\u00e3o do festival por esses espa\u00e7os.<\/p>\n<p><img loading=\"lazy\" decoding=\"async\" class=\"size-medium wp-image-1366 aligncenter\" src=\"https:\/\/fiacbahia.com.br\/2024\/wp-content\/uploads\/2024\/11\/Eu-ca-com-meus-botoes-no-FIAC-Bahia-Foto-Isabela-Bugmann-300x200.jpg\" alt=\"\" width=\"300\" height=\"200\" srcset=\"https:\/\/fiacbahia.com.br\/2024\/wp-content\/uploads\/2024\/11\/Eu-ca-com-meus-botoes-no-FIAC-Bahia-Foto-Isabela-Bugmann-300x200.jpg 300w, https:\/\/fiacbahia.com.br\/2024\/wp-content\/uploads\/2024\/11\/Eu-ca-com-meus-botoes-no-FIAC-Bahia-Foto-Isabela-Bugmann.jpg 400w\" sizes=\"auto, (max-width: 300px) 100vw, 300px\" \/><\/p>\n<p>O espet\u00e1culo <em>Eu c\u00e1 com meus bot\u00f5es<\/em>, do Coletivo Tripp\u00e9 (Juazeiro \u2013 BA), foi para a Quadra do Conjunto Santa Luzia, em Alagados, para falar poesias com dan\u00e7a atrav\u00e9s de viv\u00eancias po\u00e9ticas (bot\u00f5es) que desaguaram em uma montagem que se relacionou com a cidade a partir de outro eixo.<\/p>\n<p><img loading=\"lazy\" decoding=\"async\" class=\"size-medium wp-image-1364 aligncenter\" src=\"https:\/\/fiacbahia.com.br\/2024\/wp-content\/uploads\/2024\/11\/Geganteia-nas-rruas-no-FIAC-2024-foto-Isabela-Bugmann-300x200.jpg\" alt=\"\" width=\"300\" height=\"200\" srcset=\"https:\/\/fiacbahia.com.br\/2024\/wp-content\/uploads\/2024\/11\/Geganteia-nas-rruas-no-FIAC-2024-foto-Isabela-Bugmann-300x200.jpg 300w, https:\/\/fiacbahia.com.br\/2024\/wp-content\/uploads\/2024\/11\/Geganteia-nas-rruas-no-FIAC-2024-foto-Isabela-Bugmann.jpg 650w\" sizes=\"auto, (max-width: 300px) 100vw, 300px\" \/><\/p>\n<p>J\u00e1 a oficina Giganteia, realizada ao longo do festival pelo grupo mineiro Pigmali\u00e3o Escultura que Mexe, culminou em uma interven\u00e7\u00e3o urbana nas ruas da cidade, onde um boneco gigante homenageou o artista Jayme Figura (1959-2023), artista visual, poeta e m\u00fasico baiano, \u00edcone da arte perform\u00e1tica na cidade. Esta a\u00e7\u00e3o, usada para intervir nos regimes de visibilidade e invisibilidade na cidade, marcou um fechamento expressivo e colaborativo da 9\u00aa edi\u00e7\u00e3o do Semin\u00e1rio Internacional de Curadoria e Media\u00e7\u00e3o em Artes C\u00eanicas no FIAC Bahia, conectando p\u00fablico e artistas em um ato de reconhecimento e celebra\u00e7\u00e3o das identidades locais.<\/p>\n<p><strong>ACESSIBILIDADE E MEDIA\u00c7\u00c3O<br \/>\n<\/strong><\/p>\n<p>O FIAC Bahia deste ano tamb\u00e9m demonstrou forte compromisso com a inclus\u00e3o, garantindo acesso a uma parte significativa de sua programa\u00e7\u00e3o de forma gratuita e oferecendo interpreta\u00e7\u00e3o em Libras. Esse esfor\u00e7o de democratiza\u00e7\u00e3o da arte foi potencializado pelo Programa de Media\u00e7\u00e3o Cultural do festival, que aproximou diferentes p\u00fablicos do universo art\u00edstico do festival.<\/p>\n<p><img loading=\"lazy\" decoding=\"async\" class=\"size-medium wp-image-1374 aligncenter\" src=\"https:\/\/fiacbahia.com.br\/2024\/wp-content\/uploads\/2024\/11\/Interpretacao-de-Libras-no-FIAC-Bahia-Foto-Isabela-Bugmann-300x200.jpg\" alt=\"\" width=\"300\" height=\"200\" srcset=\"https:\/\/fiacbahia.com.br\/2024\/wp-content\/uploads\/2024\/11\/Interpretacao-de-Libras-no-FIAC-Bahia-Foto-Isabela-Bugmann-300x200.jpg 300w, https:\/\/fiacbahia.com.br\/2024\/wp-content\/uploads\/2024\/11\/Interpretacao-de-Libras-no-FIAC-Bahia-Foto-Isabela-Bugmann.jpg 400w\" sizes=\"auto, (max-width: 300px) 100vw, 300px\" \/><\/p>\n<p><strong>NOVOS P\u00daBLICOS<br \/>\n<\/strong><\/p>\n<p>Esta edi\u00e7\u00e3o do FIAC dialogou com novos p\u00fablicos da cena cultural baiana. Um deles foi formado por 40 alunos da UNEB, que veio do munic\u00edpio de Senhor do Bonfim, no interior da Bahia, para viver o espa\u00e7o de troca e interc\u00e2mbio entre p\u00fablicos, artistas, intelectuais e agentes culturais, criado durante o Festival.<\/p>\n<p><img loading=\"lazy\" decoding=\"async\" class=\"size-medium wp-image-1365 aligncenter\" src=\"https:\/\/fiacbahia.com.br\/2024\/wp-content\/uploads\/2024\/11\/UNEB-no-FIAC-Bahia-2024-Foto-1-Beto-Mettig-300x225.jpg\" alt=\"\" width=\"300\" height=\"225\" srcset=\"https:\/\/fiacbahia.com.br\/2024\/wp-content\/uploads\/2024\/11\/UNEB-no-FIAC-Bahia-2024-Foto-1-Beto-Mettig-300x225.jpg 300w, https:\/\/fiacbahia.com.br\/2024\/wp-content\/uploads\/2024\/11\/UNEB-no-FIAC-Bahia-2024-Foto-1-Beto-Mettig-510x382.jpg 510w, https:\/\/fiacbahia.com.br\/2024\/wp-content\/uploads\/2024\/11\/UNEB-no-FIAC-Bahia-2024-Foto-1-Beto-Mettig.jpg 650w\" sizes=\"auto, (max-width: 300px) 100vw, 300px\" \/><\/p>\n<p>Ap\u00f3s 15 anos, o FIAC Bahia continua sendo um chamamento para a constru\u00e7\u00e3o coletiva, compreendendo que rela\u00e7\u00f5es de coautoria e fortalecimento de v\u00ednculos comunit\u00e1rios s\u00e3o a\u00e7\u00f5es em fluxo cont\u00ednuo, num tempo espiralado.<\/p>\n<p><strong>Projeto plurianual<\/strong><\/p>\n<p>O FIAC Bahia, agora contemplado na linha de apoio plurianual da Secretaria de Cultura do Estado da Bahia, iniciou em 2024 uma fase de estabilidade e expans\u00e3o, permitindo que o festival avance com um trabalho consistente at\u00e9 2027. A 15\u00aa edi\u00e7\u00e3o, portanto, marcou o in\u00edcio de um ciclo de quatro anos junto ao Fundo de Cultura, dedicado n\u00e3o apenas \u00e0 realiza\u00e7\u00e3o do evento, mas tamb\u00e9m ao desenvolvimento de a\u00e7\u00f5es estrat\u00e9gicas para o fortalecimento da produ\u00e7\u00e3o art\u00edstica baiana.<\/p>\n<p>Entre essas a\u00e7\u00f5es, destacam-se o mapeamento de grupos e espet\u00e1culos, que visa documentar e estudar o cen\u00e1rio art\u00edstico local, e o est\u00edmulo \u00e0 internacionaliza\u00e7\u00e3o das obras baianas (parceria com a plataforma Trilhas da Cena). Ao integrar Programa\u00e7\u00e3o, Mapeamento e Difus\u00e3o, o FIAC Bahia assumiu um papel de agente cultural ativo, ampliando a visibilidade da arte baiana e preparando o setor para as transforma\u00e7\u00f5es impulsionadas pela Lei Paulo Gustavo e pela Pol\u00edtica Nacional Aldir Blanc. Com isso, o festival se consolida n\u00e3o apenas como espa\u00e7o de frui\u00e7\u00e3o art\u00edstica, mas como um importante articulador de a\u00e7\u00f5es que sustentam e promovem a diversidade e a riqueza cultural da Bahia, impactando positivamente toda a cadeia produtiva local.<\/p>\n<div id=\"attachment_1369\" style=\"width: 310px\" class=\"wp-caption aligncenter\"><img loading=\"lazy\" decoding=\"async\" aria-describedby=\"caption-attachment-1369\" class=\"size-medium wp-image-1369\" src=\"https:\/\/fiacbahia.com.br\/2024\/wp-content\/uploads\/2024\/11\/Equipe-FIAC-bahia-2024-300x200.jpg\" alt=\"\" width=\"300\" height=\"200\" srcset=\"https:\/\/fiacbahia.com.br\/2024\/wp-content\/uploads\/2024\/11\/Equipe-FIAC-bahia-2024-300x200.jpg 300w, https:\/\/fiacbahia.com.br\/2024\/wp-content\/uploads\/2024\/11\/Equipe-FIAC-bahia-2024.jpg 400w\" sizes=\"auto, (max-width: 300px) 100vw, 300px\" \/><p id=\"caption-attachment-1369\" class=\"wp-caption-text\">Equipe FIAC Bahia 2024<\/p><\/div>\n<p><strong>Se a pergunta \u201cQue Bahia \u00e9 Essa?\u201d soou, no in\u00edcio do FIAC, como uma provoca\u00e7\u00e3o pertinente, ao final de seis dias de programa\u00e7\u00e3o desta 15a. edi\u00e7\u00e3o, a quest\u00e3o ganhou novos contornos e reafirmou a posi\u00e7\u00e3o do Festival Internacional de Artes C\u00eanicas da Bahia como um dos principais eventos de arte do estado.<\/strong><\/p>\n<p><strong>Novas perguntas surgir\u00e3o nas nossas pr\u00f3ximas edi\u00e7\u00f5es, mas, at\u00e9 l\u00e1, festejamos o sucesso do FIAC Bahia 2024. Valeu!<\/strong><\/p>\n<p>&nbsp;<\/p>\n","protected":false},"excerpt":{"rendered":"<p>A 15\u00aa Edi\u00e7\u00e3o do FIAC Bahia foi uma celebra\u00e7\u00e3o \u00e0 cultura e \u00e0 diversidade c\u00eanica<\/p>\n<p>O FIAC Bahia come\u00e7ou sua 15\u00aa edi\u00e7\u00e3o se perguntando: \u201cQue Bahia \u00e9 Essa?\u201d. Ao longo de seis dias de programa\u00e7\u00e3o vibrante, artistas, t\u00e9cnicos(as), pesquisadoras(es) e p\u00fablico conviveram com essa provoca\u00e7\u00e3o atrav\u00e9s de est\u00edmulos diversos.<\/p>\n<p>Mas o que se revelou nos encontros e espet\u00e1culos realizados entre os dias 22 e 27 de outubro em Salvador foi que essa n\u00e3o era uma pergunta ilustrativa ou sequer o tema da 15\u00aa Edi\u00e7\u00e3o do FIAC Bahia; representava um questionamento que colocava \u2013 e coloca \u2013 o Festival em movimento, propondo a todes olhar para o passado, o presente e o futuro das artes c\u00eanicas no estado.<\/p>\n<p>Sim, o festival provocou reflex\u00f5es sobre a identidade cultural baiana e as complexidades da contemporaneidade, mas, mesmo quando a Bahia n\u00e3o era o ponto focal da quest\u00e3o abordada em cena, a pergunta \u201cQue &#8230;<\/p>\n","protected":false},"author":8,"featured_media":1360,"parent":0,"menu_order":0,"comment_status":"closed","ping_status":"closed","template":"","meta":{"_et_pb_use_builder":"","_et_pb_old_content":"","_et_gb_content_width":"","footnotes":""},"class_list":["post-1356","page","type-page","status-publish","has-post-thumbnail","hentry"],"acf":[],"_links":{"self":[{"href":"https:\/\/fiacbahia.com.br\/2024\/wp-json\/wp\/v2\/pages\/1356","targetHints":{"allow":["GET"]}}],"collection":[{"href":"https:\/\/fiacbahia.com.br\/2024\/wp-json\/wp\/v2\/pages"}],"about":[{"href":"https:\/\/fiacbahia.com.br\/2024\/wp-json\/wp\/v2\/types\/page"}],"author":[{"embeddable":true,"href":"https:\/\/fiacbahia.com.br\/2024\/wp-json\/wp\/v2\/users\/8"}],"replies":[{"embeddable":true,"href":"https:\/\/fiacbahia.com.br\/2024\/wp-json\/wp\/v2\/comments?post=1356"}],"version-history":[{"count":8,"href":"https:\/\/fiacbahia.com.br\/2024\/wp-json\/wp\/v2\/pages\/1356\/revisions"}],"predecessor-version":[{"id":1382,"href":"https:\/\/fiacbahia.com.br\/2024\/wp-json\/wp\/v2\/pages\/1356\/revisions\/1382"}],"wp:featuredmedia":[{"embeddable":true,"href":"https:\/\/fiacbahia.com.br\/2024\/wp-json\/wp\/v2\/media\/1360"}],"wp:attachment":[{"href":"https:\/\/fiacbahia.com.br\/2024\/wp-json\/wp\/v2\/media?parent=1356"}],"curies":[{"name":"wp","href":"https:\/\/api.w.org\/{rel}","templated":true}]}}