{"id":1150,"date":"2024-09-19T17:45:16","date_gmt":"2024-09-19T20:45:16","guid":{"rendered":"https:\/\/fiacbahia.com.br\/2024\/?page_id=1150"},"modified":"2024-09-24T09:14:02","modified_gmt":"2024-09-24T12:14:02","slug":"que-bahia-e-essa","status":"publish","type":"page","link":"https:\/\/fiacbahia.com.br\/2024\/que-bahia-e-essa\/","title":{"rendered":"Que Bahia \u00e9 essa?"},"content":{"rendered":"<p>Em bom baian\u00eas, <em><strong>\u201cQue Bahia \u00e9 essa?\u201d<\/strong><\/em> traz a provoca\u00e7\u00e3o evocativa de surpresa ou reconhecimento por uma performance admir\u00e1vel. Muda-se a entona\u00e7\u00e3o e n\u00e3o \u00e9 mais uma simples pergunta; o significado j\u00e1 \u00e9 outro.<\/p>\n<p>E \u00e9 para entender as nuances envolvidas nesse jogo sutil de diferen\u00e7as de um estado t\u00e3o grande que o FIAC Bahia ocupar\u00e1 equipamentos culturais, pra\u00e7as e espa\u00e7os n\u00e3o convencionais da capital baiana entre os dias 22 e 27 de outubro de 2024 com obras do interior do estado, propostas de Salvador e com convidados internacionais, em seis dias de programa\u00e7\u00e3o intensa.<\/p>\n<p>Da programa\u00e7\u00e3o \u00e0s atividades formativas, passando pela identidade visual assinada pela TANTOcria, a ideia \u00e9 olhar para si com coragem e aten\u00e7\u00e3o, buscando e identificando a pluralidade de biomas que comp\u00f5em a sua cadeia produtiva.<\/p>\n<p>&nbsp;<\/p>\n<p><img loading=\"lazy\" decoding=\"async\" class=\"size-medium wp-image-1156 aligncenter\" src=\"https:\/\/fiacbahia.com.br\/2024\/wp-content\/uploads\/2024\/09\/FIAC15_cartazweb-240x300.png\" alt=\"\" width=\"240\" height=\"300\" srcset=\"https:\/\/fiacbahia.com.br\/2024\/wp-content\/uploads\/2024\/09\/FIAC15_cartazweb-240x300.png 240w, https:\/\/fiacbahia.com.br\/2024\/wp-content\/uploads\/2024\/09\/FIAC15_cartazweb-819x1024.png 819w, https:\/\/fiacbahia.com.br\/2024\/wp-content\/uploads\/2024\/09\/FIAC15_cartazweb-768x960.png 768w, https:\/\/fiacbahia.com.br\/2024\/wp-content\/uploads\/2024\/09\/FIAC15_cartazweb.png 1080w\" sizes=\"auto, (max-width: 240px) 100vw, 240px\" \/><\/p>\n<p>Que modos de resist\u00eancia foram criados nos \u00faltimos anos na cena art\u00edstica? O que mudou desde o in\u00edcio do FIAC? Qual o papel de um festival internacional hoje na Bahia? Que pa\u00eds \u00e9 esse? <em><strong>Que Bahia \u00e9 essa?<\/strong><\/em><\/p>\n<p>A 15\u00aa. edi\u00e7\u00e3o do FIAC Bahia tem apoio financeiro do Estado da Bahia, atrav\u00e9s do Fundo de Cultura, Secretaria de Cultura e Secretaria da Fazenda.<\/p>\n<p><em><strong>Bahia para al\u00e9m da programa\u00e7\u00e3o art\u00edstica e formativa:<\/strong><\/em><\/p>\n<p>O FIAC Bahia foi contemplado na linha de apoio plurianual a eventos culturais calendarizados da Secretaria de Cultura do Estado da Bahia, criada para conferir estabilidade \u00e0 realiza\u00e7\u00e3o de eventos consolidados em diversos segmentos da cultura e diferentes regi\u00f5es do estado. Esta 15\u00aa. edi\u00e7\u00e3o, portanto, marca o in\u00edcio de um trabalho continuado de quatro anos (2024-2027) junto ao Fundo de Cultura.<\/p>\n<p>Neste novo ciclo de trabalho continuado de quatro anos (2024-2027) junto ao Fundo de Cultura, o festival trabalha no levantamento de informa\u00e7\u00f5es de grupos\/coletivos e espet\u00e1culos para mapear a produ\u00e7\u00e3o art\u00edstica baiana para fins educacionais e de pesquisa. Investe tamb\u00e9m no est\u00edmulo \u00e0 internacionaliza\u00e7\u00e3o das obras do estado da Bahia que participam da programa\u00e7\u00e3o do festival, atrav\u00e9s da cria\u00e7\u00e3o de uma p\u00e1gina bil\u00edngue destes espet\u00e1culos e\/ou artistas em parceria com a plataforma Trilhas da Cena.<\/p>\n<p>Essas tr\u00eas a\u00e7\u00f5es (programa\u00e7\u00e3o, mapeamento e difus\u00e3o) se entrela\u00e7am como forma de visibilizar e valorizar a produ\u00e7\u00e3o local, considerando as transforma\u00e7\u00f5es que est\u00e3o ocorrendo no campo art\u00edstico nos pr\u00f3ximos anos, em consequ\u00eancia do investimento e implementa\u00e7\u00e3o da Lei Paulo Gustavo (LPG) e Pol\u00edtica Nacional Aldir Blanc (PNAB).<\/p>\n","protected":false},"excerpt":{"rendered":"<p>Em bom baian\u00eas, \u201cQue Bahia \u00e9 essa?\u201d traz a provoca\u00e7\u00e3o evocativa de surpresa ou reconhecimento por uma performance admir\u00e1vel. Muda-se a entona\u00e7\u00e3o e n\u00e3o \u00e9 mais uma simples pergunta; o significado j\u00e1 \u00e9 outro.<\/p>\n<p>E \u00e9 para entender as nuances envolvidas nesse jogo sutil de diferen\u00e7as de um estado t\u00e3o grande que o FIAC Bahia ocupar\u00e1 equipamentos culturais, pra\u00e7as e espa\u00e7os n\u00e3o convencionais da capital baiana entre os dias 22 e 27 de outubro de 2024 com obras do interior do estado, propostas de Salvador e com convidados internacionais, em seis dias de programa\u00e7\u00e3o intensa.<\/p>\n<p>Da programa\u00e7\u00e3o \u00e0s atividades formativas, passando pela identidade visual assinada pela TANTOcria, a ideia \u00e9 olhar para si com coragem e aten\u00e7\u00e3o, buscando e identificando a pluralidade de biomas que comp\u00f5em a sua cadeia produtiva.<\/p>\n<p>&nbsp;<\/p>\n<\/p>\n<p>Que modos de resist\u00eancia foram criados nos \u00faltimos anos na cena art\u00edstica? O que mudou desde o in\u00edcio &#8230;<\/p>\n","protected":false},"author":8,"featured_media":0,"parent":0,"menu_order":0,"comment_status":"closed","ping_status":"closed","template":"page-template-fiac.php","meta":{"_et_pb_use_builder":"","_et_pb_old_content":"","_et_gb_content_width":"","footnotes":""},"class_list":["post-1150","page","type-page","status-publish","hentry"],"acf":[],"_links":{"self":[{"href":"https:\/\/fiacbahia.com.br\/2024\/wp-json\/wp\/v2\/pages\/1150","targetHints":{"allow":["GET"]}}],"collection":[{"href":"https:\/\/fiacbahia.com.br\/2024\/wp-json\/wp\/v2\/pages"}],"about":[{"href":"https:\/\/fiacbahia.com.br\/2024\/wp-json\/wp\/v2\/types\/page"}],"author":[{"embeddable":true,"href":"https:\/\/fiacbahia.com.br\/2024\/wp-json\/wp\/v2\/users\/8"}],"replies":[{"embeddable":true,"href":"https:\/\/fiacbahia.com.br\/2024\/wp-json\/wp\/v2\/comments?post=1150"}],"version-history":[{"count":5,"href":"https:\/\/fiacbahia.com.br\/2024\/wp-json\/wp\/v2\/pages\/1150\/revisions"}],"predecessor-version":[{"id":1179,"href":"https:\/\/fiacbahia.com.br\/2024\/wp-json\/wp\/v2\/pages\/1150\/revisions\/1179"}],"wp:attachment":[{"href":"https:\/\/fiacbahia.com.br\/2024\/wp-json\/wp\/v2\/media?parent=1150"}],"curies":[{"name":"wp","href":"https:\/\/api.w.org\/{rel}","templated":true}]}}