{"id":1126,"date":"2024-08-25T10:42:56","date_gmt":"2024-08-25T13:42:56","guid":{"rendered":"https:\/\/fiacbahia.com.br\/?page_id=1126"},"modified":"2024-08-25T10:42:56","modified_gmt":"2024-08-25T13:42:56","slug":"inscricoes-fiac-bahia","status":"publish","type":"page","link":"https:\/\/fiacbahia.com.br\/2024\/inscricoes-fiac-bahia\/","title":{"rendered":"Inscri\u00e7\u00f5es FIAC \u2013 Propostas da Bahia"},"content":{"rendered":"<p><img loading=\"lazy\" decoding=\"async\" class=\"alignnone size-medium wp-image-1127\" src=\"https:\/\/fiacbahia.com.br\/2024\/wp-content\/uploads\/2024\/08\/FIAC-Bahia-Foto-Isabela-Bugmann-A-300x199.jpg\" alt=\"\" width=\"300\" height=\"199\" srcset=\"https:\/\/fiacbahia.com.br\/2024\/wp-content\/uploads\/2024\/08\/FIAC-Bahia-Foto-Isabela-Bugmann-A-300x199.jpg 300w, https:\/\/fiacbahia.com.br\/2024\/wp-content\/uploads\/2024\/08\/FIAC-Bahia-Foto-Isabela-Bugmann-A.jpg 732w\" sizes=\"auto, (max-width: 300px) 100vw, 300px\" \/><\/p>\n<p><b>Inscri\u00e7\u00f5es FIAC \u2013 Propostas da Bahia<\/b><\/p>\n<p><span style=\"font-weight: 400;\">Voltamos!\u00a0<\/span><\/p>\n<p><span style=\"font-weight: 400;\">Sim, o Festival Internacional de Artes C\u00eanicas da Bahia far\u00e1 sua 15\u00aa. edi\u00e7\u00e3o no final de outubro deste ano, em Salvador, e agora o momento \u00e9 de selecionar as propostas baianas que ir\u00e3o integrar a programa\u00e7\u00e3o.<\/span><\/p>\n<p><span style=\"font-weight: 400;\">At\u00e9 o dia 31 de agosto nossa equipe de curadoria estar\u00e1 aberta a conhecer artistas, grupos e produ\u00e7\u00f5es das artes c\u00eanicas de todo o estado da Bahia, recebendo as propostas que possam ocupar equipamentos culturais, espa\u00e7os urbanos e n\u00e3o convencionais durante o FIAC 2024.<\/span><\/p>\n<p><span style=\"font-weight: 400;\">Esta chamada \u00e9 s\u00f3 para propostas baianas e as inscri\u00e7\u00f5es devem ser feitas atrav\u00e9s do formul\u00e1rio disponibilizado on-line: <\/span><a href=\"https:\/\/forms.gle\/gxbHyKJNDRcpfvCP6\"><span style=\"font-weight: 400;\">https:\/\/forms.gle\/gxbHyKJNDRcpfvCP6<\/span><\/a><span style=\"font-weight: 400;\">\u00a0<\/span><\/p>\n<p><span style=\"font-weight: 400;\">Para quem \u00e9 de outros estados\/pa\u00edses, \u00e9 bom lembrar que a participa\u00e7\u00e3o nacional e internacional no FIAC \u00e9 convocada diretamente pela equipe curatorial do festival, a partir de um di\u00e1logo constante com grupos e artistas de todo o mundo. \u00c9 poss\u00edvel enviar material a qualquer tempo atrav\u00e9s do e-mail <\/span><a href=\"mailto:contato@7oito.com.br\"><span style=\"font-weight: 400;\">contato@7oito.com.br<\/span><\/a><span style=\"font-weight: 400;\">.<\/span><\/p>\n<p><span style=\"font-weight: 400;\">O <\/span><b>FIAC Bahia<\/b><span style=\"font-weight: 400;\"> acontece em Salvador entre os dias 22 e 27 de outubro de 2024, quando o p\u00fablico poder\u00e1 mais uma vez entrar em contato com espet\u00e1culos de dan\u00e7a, teatro e performance, oficinas e encontros reflexivos que representam um recorte no momento atual das artes c\u00eanicas contempor\u00e2neas.<\/span><\/p>\n<p><span style=\"font-weight: 400;\">A 15\u00aa. edi\u00e7\u00e3o do <\/span><b>FIAC Bahia<\/b><span style=\"font-weight: 400;\"> tem apoio financeiro do Estado da Bahia, atrav\u00e9s do Fundo de Cultura, Secretaria de Cultura e Secretaria da Fazenda.\u00a0<\/span><\/p>\n<p><span style=\"font-weight: 400;\">Quer ficar por dentro de tudo que j\u00e1 est\u00e1 acontecendo no Festival? Ent\u00e3o nossa dica \u00e9 assinar a nossa Newsletter atrav\u00e9s do link <\/span><a href=\"https:\/\/mailchi.mp\/7oito\/cadastro\"><span style=\"font-weight: 400;\">https:\/\/mailchi.mp\/7oito\/cadastro<\/span><\/a> <span style=\"font-weight: 400;\">e seguir a gente nas redes sociais: @fiacbahia<\/span><\/p>\n<p><span style=\"font-weight: 400;\">Teremos um festival potente e, desde j\u00e1, damos as boas-vindas e agradecemos a participa\u00e7\u00e3o de todes!<\/span><\/p>\n","protected":false},"excerpt":{"rendered":"<\/p>\n<p>Inscri\u00e7\u00f5es FIAC \u2013 Propostas da Bahia<\/p>\n<p>Voltamos!\u00a0<\/p>\n<p>Sim, o Festival Internacional de Artes C\u00eanicas da Bahia far\u00e1 sua 15\u00aa. edi\u00e7\u00e3o no final de outubro deste ano, em Salvador, e agora o momento \u00e9 de selecionar as propostas baianas que ir\u00e3o integrar a programa\u00e7\u00e3o.<\/p>\n<p>At\u00e9 o dia 31 de agosto nossa equipe de curadoria estar\u00e1 aberta a conhecer artistas, grupos e produ\u00e7\u00f5es das artes c\u00eanicas de todo o estado da Bahia, recebendo as propostas que possam ocupar equipamentos culturais, espa\u00e7os urbanos e n\u00e3o convencionais durante o FIAC 2024.<\/p>\n<p>Esta chamada \u00e9 s\u00f3 para propostas baianas e as inscri\u00e7\u00f5es devem ser feitas atrav\u00e9s do formul\u00e1rio disponibilizado on-line: https:\/\/forms.gle\/gxbHyKJNDRcpfvCP6\u00a0<\/p>\n<p>Para quem \u00e9 de outros estados\/pa\u00edses, \u00e9 bom lembrar que a participa\u00e7\u00e3o nacional e internacional no FIAC \u00e9 convocada diretamente pela equipe curatorial do festival, a partir de um di\u00e1logo constante com grupos e artistas de todo o mundo. \u00c9 poss\u00edvel enviar material &#8230;<\/p>\n","protected":false},"author":1,"featured_media":0,"parent":0,"menu_order":0,"comment_status":"closed","ping_status":"closed","template":"","meta":{"_et_pb_use_builder":"","_et_pb_old_content":"","_et_gb_content_width":"","footnotes":""},"class_list":["post-1126","page","type-page","status-publish","hentry"],"acf":[],"_links":{"self":[{"href":"https:\/\/fiacbahia.com.br\/2024\/wp-json\/wp\/v2\/pages\/1126","targetHints":{"allow":["GET"]}}],"collection":[{"href":"https:\/\/fiacbahia.com.br\/2024\/wp-json\/wp\/v2\/pages"}],"about":[{"href":"https:\/\/fiacbahia.com.br\/2024\/wp-json\/wp\/v2\/types\/page"}],"author":[{"embeddable":true,"href":"https:\/\/fiacbahia.com.br\/2024\/wp-json\/wp\/v2\/users\/1"}],"replies":[{"embeddable":true,"href":"https:\/\/fiacbahia.com.br\/2024\/wp-json\/wp\/v2\/comments?post=1126"}],"version-history":[{"count":1,"href":"https:\/\/fiacbahia.com.br\/2024\/wp-json\/wp\/v2\/pages\/1126\/revisions"}],"predecessor-version":[{"id":1130,"href":"https:\/\/fiacbahia.com.br\/2024\/wp-json\/wp\/v2\/pages\/1126\/revisions\/1130"}],"wp:attachment":[{"href":"https:\/\/fiacbahia.com.br\/2024\/wp-json\/wp\/v2\/media?parent=1126"}],"curies":[{"name":"wp","href":"https:\/\/api.w.org\/{rel}","templated":true}]}}