{"id":1118,"date":"2022-11-07T09:05:56","date_gmt":"2022-11-07T12:05:56","guid":{"rendered":"https:\/\/fiacbahia.com.br\/?page_id=1118"},"modified":"2022-11-07T09:05:56","modified_gmt":"2022-11-07T12:05:56","slug":"agradecimento14","status":"publish","type":"page","link":"https:\/\/fiacbahia.com.br\/2024\/agradecimento14\/","title":{"rendered":"O FIAC Bahia 14 vai come\u00e7ar!"},"content":{"rendered":"<p>Oi! Vou lhe contar umas coisinhas sobre\u00a0<span class=\"il\">o<\/span>\u00a0FIAC Bahia deste ano, que todo mundo precisa saber\u2026<\/p>\n<p><span class=\"il\">Os<\/span>\u00a0<span class=\"il\">encontros<\/span>\u00a0<span class=\"il\">e<\/span>\u00a0<span class=\"il\">trocas<\/span>\u00a0<span class=\"il\">vividas<\/span>\u00a0<span class=\"il\">entre<\/span>\u00a0<span class=\"il\">25<\/span>\u00a0<span class=\"il\">e<\/span>\u00a0<span class=\"il\">29<\/span>\u00a0de\u00a0<span class=\"il\">outubro<\/span>\u00a0de\u00a0<span class=\"il\">2022<\/span>\u00a0<span class=\"il\">durante<\/span>\u00a0<span class=\"il\">o<\/span>\u00a0<span class=\"il\">Festival<\/span>\u00a0<span class=\"il\">foram<\/span>\u00a0<span class=\"il\">um<\/span>\u00a0<span class=\"il\">sucesso<\/span>!<\/p>\n<p><span class=\"il\">O<\/span>\u00a0FIAC Bahia 14 recebeu\u00a0<span class=\"il\">e<\/span>\u00a0espalhou a palavra atrav\u00e9s da presen\u00e7a do p\u00fablico\u00a0<span class=\"il\">e<\/span>\u00a0do contato amoroso com artistas que passaram pela programa\u00e7\u00e3<span class=\"il\">o<\/span>. Repercutimos em redes, publica\u00e7\u00f5es\u00a0<span class=\"il\">e<\/span>\u00a0m\u00eddias variadas. Reativamos conex\u00f5es.<\/p>\n<p class=\"m_-6682240507550283910last-child\">Ent\u00e3<span class=\"il\">o<\/span>, vai aqui\u00a0<span class=\"il\">um<\/span>\u00a0balan\u00e7<span class=\"il\">o<\/span>\u00a0final inspirado nas conversas reais de nosso time via whatsapp. Sim, hackeamos a equipe FIAC para homenagear quem fez\u00a0<span class=\"il\">o<\/span>\u00a0<span class=\"il\">Festival<\/span>\u00a0acontecer:<\/p>\n<p><img loading=\"lazy\" decoding=\"async\" class=\"size-medium wp-image-1119 aligncenter\" src=\"https:\/\/fiacbahia.com.br\/2024\/wp-content\/uploads\/2022\/11\/foto1-300x199.jpg\" alt=\"\" width=\"300\" height=\"199\" srcset=\"https:\/\/fiacbahia.com.br\/2024\/wp-content\/uploads\/2022\/11\/foto1-300x199.jpg 300w, https:\/\/fiacbahia.com.br\/2024\/wp-content\/uploads\/2022\/11\/foto1.jpg 400w\" sizes=\"auto, (max-width: 300px) 100vw, 300px\" \/><\/p>\n<p><em>\u201c&#8230; a 14\u00aa. edi\u00e7\u00e3<span class=\"il\">o<\/span>\u00a0do FIAC Bahia surgiu tendo como foco colocar a &#8220;palavra&#8221; em discuss\u00e3<span class=\"il\">o<\/span>, compreendendo a import\u00e2ncia dos discursos, narrativas\u00a0<span class=\"il\">e<\/span>\u00a0urg\u00eancias neste momento, na Bahia\u00a0<span class=\"il\">e<\/span>\u00a0no Brasil.\u201d<\/em><\/p>\n<p class=\"m_-6682240507550283910last-child\"><em>\u201c&#8230; estreamos,\u00a0<span class=\"il\">e<\/span>\u00a0muito bem! Casa cheia,\u00a0<span class=\"il\">um<\/span>\u00a0p\u00fablico afetivo\u00a0<span class=\"il\">e<\/span>\u00a0sedento pelo encontro, dispon\u00edvel ao espalhamento de palavras, \u00e1vido pela festividade das artes da cena que a 14 edi\u00e7\u00f5es constru\u00edmos tecendo rela\u00e7\u00f5es com a cidade\u00a0<span class=\"il\">e<\/span>\u00a0seus contextos.\u201d<\/em><\/p>\n<p><img loading=\"lazy\" decoding=\"async\" class=\"size-medium wp-image-1120 aligncenter\" src=\"https:\/\/fiacbahia.com.br\/2024\/wp-content\/uploads\/2022\/11\/foto2-300x199.jpg\" alt=\"\" width=\"300\" height=\"199\" srcset=\"https:\/\/fiacbahia.com.br\/2024\/wp-content\/uploads\/2022\/11\/foto2-300x199.jpg 300w, https:\/\/fiacbahia.com.br\/2024\/wp-content\/uploads\/2022\/11\/foto2.jpg 400w\" sizes=\"auto, (max-width: 300px) 100vw, 300px\" \/><\/p>\n<p><em>\u201c&#8230;\u00a0<span class=\"il\">durante<\/span>\u00a0cinco dias intensos de programa\u00e7\u00e3<span class=\"il\">o<\/span>\u00a0vivemos a ideia de\u00a0<span class=\"il\">um<\/span>\u00a0Brasil novo que j\u00e1 existia, com palavras que vinham \u00e0 boca depois do sil\u00eancio, com lugar de escuta, lugar de fala\u00a0<span class=\"il\">e<\/span>\u00a0lugar de exist\u00eancia; com imagin\u00e1rio dissidente\u00a0<span class=\"il\">e<\/span>\u00a0com espa\u00e7<span class=\"il\">o<\/span>\u00a0de afirma\u00e7\u00e3<span class=\"il\">o<\/span>. Narrativas remontadas\/revistadas pela l\u00f3gica reversa\/inversa\/subversa. Cena que fala, corpo que grita, encontro que ressoa, sujeito-coletivo, hist\u00f3rias na pele.\u201d<\/em><\/p>\n<p><em>\u201c&#8230;\u00a0<span class=\"il\">um<\/span>\u00a0<span class=\"il\">festival<\/span>\u00a0lindo, na semana mais importante da hist\u00f3ria recente do pa\u00eds! Afirmamos juntes a arte, a cultura\u00a0<span class=\"il\">e<\/span>\u00a0a democracia!\u201d<\/em><\/p>\n<p class=\"m_-6682240507550283910last-child\"><em>\u201c&#8230; foi tudo lindo, potente, necess\u00e1rio\u00a0<span class=\"il\">e<\/span>\u00a0pujante. Arrepiades com a trajet\u00f3ria que a arte na Bahia fez nesta semana de FIAC,\u00a0<span class=\"il\">um<\/span>\u00a02023 se revela com esperan\u00e7a.\u201d<\/em><\/p>\n<p><img loading=\"lazy\" decoding=\"async\" class=\"size-medium wp-image-1121 aligncenter\" src=\"https:\/\/fiacbahia.com.br\/2024\/wp-content\/uploads\/2022\/11\/foto3-300x199.jpg\" alt=\"\" width=\"300\" height=\"199\" srcset=\"https:\/\/fiacbahia.com.br\/2024\/wp-content\/uploads\/2022\/11\/foto3-300x199.jpg 300w, https:\/\/fiacbahia.com.br\/2024\/wp-content\/uploads\/2022\/11\/foto3.jpg 400w\" sizes=\"auto, (max-width: 300px) 100vw, 300px\" \/><\/p>\n<p>\u201cObrigade [aos nossos parceires]\u00a0<span class=\"il\">e<\/span>\u00a0a nossa equipe formada por Adriano Barbosa, Ana Brand\u00e3<span class=\"il\">o<\/span>, Bergson Nunes, Beto Mettig, C\u00e1ssio Murilo de Almeida Filho, C\u00edntia Santos, Claudiana Hon\u00f3rio, Cristina Neves, Daniel Sab\u00f3ia, David Jesus Santos, Diego Fox, Diego Sampaio Martins, Elinilson Soares, Emerson Cabral, F\u00e1bio Steque, Felipe de Assis, Gabriel Teixeira, Gabriela Mattos, Irma Vidal, Isabela Bugmann, Isadora Silva Souza, Jean Cardoso, Jean Rocha Portugal, Jos\u00e9 Leal, Lara Beck Belov, Lucas Alves, Luiz Ant\u00f4nio Sena Jr., Marcos Ded\u00e9, Patr\u00edcia Almeida, Peu Agra, Polliana Linhares, Rita Aquino, Sandra Valverde, Soraya Martins, Suane Ferreira, Tito Vin\u00edcius, Vanessa Andrade, Vicente Benin Ortiz, Vinicius Elizi\u00e1rio\u00a0<span class=\"il\">e<\/span>\u00a0Yago Cairu.\u201d<\/p>\n<p><img loading=\"lazy\" decoding=\"async\" class=\"size-medium wp-image-1122 aligncenter\" src=\"https:\/\/fiacbahia.com.br\/2024\/wp-content\/uploads\/2022\/11\/foto4-300x199.jpg\" alt=\"\" width=\"300\" height=\"199\" srcset=\"https:\/\/fiacbahia.com.br\/2024\/wp-content\/uploads\/2022\/11\/foto4-300x199.jpg 300w, https:\/\/fiacbahia.com.br\/2024\/wp-content\/uploads\/2022\/11\/foto4.jpg 400w\" sizes=\"auto, (max-width: 300px) 100vw, 300px\" \/><\/p>\n<p>\u201c<span class=\"il\">O<\/span>\u00a0FIAC \u00e9 sonho que se sonha junto\u00a0<span class=\"il\">e<\/span>\u00a0a 14\u00aa. edi\u00e7\u00e3<span class=\"il\">o<\/span>\u00a0teve apoio financeiro do Governo do Estado, atrav\u00e9s do Fundo de Cultura, Secretaria da Fazenda\u00a0<span class=\"il\">e<\/span>\u00a0Secretaria de Cultura da Bahia, contemplado pelo Edital de Eventos Culturais Calendarizados.\u201d<\/p>\n<p><em>\u201cObrigade a todes pelo empenho, pela presen\u00e7a iluminada\u00a0<span class=\"il\">e<\/span>\u00a0<span class=\"il\">o<\/span>\u00a0as\u00e8 na constru\u00e7\u00e3<span class=\"il\">o<\/span>\u00a0de tudo que foi nossa abertura de portal!\u201d<\/em><\/p>\n<p><em>\u201cSigamos juntes para que\u00a0<span class=\"il\">o<\/span>\u00a0futuro seja odara.\u201d<\/em><\/p>\n<p class=\"m_-6682240507550283910last-child\"><em>Fotos Isabela Bugmann<\/em><\/p>\n","protected":false},"excerpt":{"rendered":"<p>Oi! Vou lhe contar umas coisinhas sobre\u00a0o\u00a0FIAC Bahia deste ano, que todo mundo precisa saber\u2026<\/p>\n<p>Os\u00a0encontros\u00a0e\u00a0trocas\u00a0vividas\u00a0entre\u00a025\u00a0e\u00a029\u00a0de\u00a0outubro\u00a0de\u00a02022\u00a0durante\u00a0o\u00a0Festival\u00a0foram\u00a0um\u00a0sucesso!<\/p>\n<p>O\u00a0FIAC Bahia 14 recebeu\u00a0e\u00a0espalhou a palavra atrav\u00e9s da presen\u00e7a do p\u00fablico\u00a0e\u00a0do contato amoroso com artistas que passaram pela programa\u00e7\u00e3o. Repercutimos em redes, publica\u00e7\u00f5es\u00a0e\u00a0m\u00eddias variadas. Reativamos conex\u00f5es.<\/p>\n<p class=\"m_-6682240507550283910last-child\">Ent\u00e3o, vai aqui\u00a0um\u00a0balan\u00e7o\u00a0final inspirado nas conversas reais de nosso time via whatsapp. Sim, hackeamos a equipe FIAC para homenagear quem fez\u00a0o\u00a0Festival\u00a0acontecer:<\/p>\n<\/p>\n<p>\u201c&#8230; a 14\u00aa. edi\u00e7\u00e3o\u00a0do FIAC Bahia surgiu tendo como foco colocar a &#8220;palavra&#8221; em discuss\u00e3o, compreendendo a import\u00e2ncia dos discursos, narrativas\u00a0e\u00a0urg\u00eancias neste momento, na Bahia\u00a0e\u00a0no Brasil.\u201d<\/p>\n<p class=\"m_-6682240507550283910last-child\">\u201c&#8230; estreamos,\u00a0e\u00a0muito bem! Casa cheia,\u00a0um\u00a0p\u00fablico afetivo\u00a0e\u00a0sedento pelo encontro, dispon\u00edvel ao espalhamento de palavras, \u00e1vido pela festividade das artes da cena que a 14 edi\u00e7\u00f5es constru\u00edmos tecendo rela\u00e7\u00f5es com a cidade\u00a0e\u00a0seus contextos.\u201d<\/p>\n<\/p>\n<p>\u201c&#8230;\u00a0durante\u00a0cinco dias intensos de programa\u00e7\u00e3o\u00a0vivemos a ideia de\u00a0um\u00a0Brasil novo que j\u00e1 existia, com palavras que vinham \u00e0 boca depois do sil\u00eancio, com lugar de escuta, lugar &#8230;<\/p>\n","protected":false},"author":1,"featured_media":0,"parent":0,"menu_order":0,"comment_status":"closed","ping_status":"closed","template":"page-template-fiac.php","meta":{"_et_pb_use_builder":"","_et_pb_old_content":"","_et_gb_content_width":"","footnotes":""},"class_list":["post-1118","page","type-page","status-publish","hentry"],"acf":[],"_links":{"self":[{"href":"https:\/\/fiacbahia.com.br\/2024\/wp-json\/wp\/v2\/pages\/1118","targetHints":{"allow":["GET"]}}],"collection":[{"href":"https:\/\/fiacbahia.com.br\/2024\/wp-json\/wp\/v2\/pages"}],"about":[{"href":"https:\/\/fiacbahia.com.br\/2024\/wp-json\/wp\/v2\/types\/page"}],"author":[{"embeddable":true,"href":"https:\/\/fiacbahia.com.br\/2024\/wp-json\/wp\/v2\/users\/1"}],"replies":[{"embeddable":true,"href":"https:\/\/fiacbahia.com.br\/2024\/wp-json\/wp\/v2\/comments?post=1118"}],"version-history":[{"count":1,"href":"https:\/\/fiacbahia.com.br\/2024\/wp-json\/wp\/v2\/pages\/1118\/revisions"}],"predecessor-version":[{"id":1123,"href":"https:\/\/fiacbahia.com.br\/2024\/wp-json\/wp\/v2\/pages\/1118\/revisions\/1123"}],"wp:attachment":[{"href":"https:\/\/fiacbahia.com.br\/2024\/wp-json\/wp\/v2\/media?parent=1118"}],"curies":[{"name":"wp","href":"https:\/\/api.w.org\/{rel}","templated":true}]}}