{"id":1084,"date":"2022-10-24T16:09:13","date_gmt":"2022-10-24T19:09:13","guid":{"rendered":"https:\/\/fiacbahia.com.br\/?page_id=1084"},"modified":"2024-09-22T11:47:34","modified_gmt":"2024-09-22T14:47:34","slug":"ingressos-fiac-bahia-15","status":"publish","type":"page","link":"https:\/\/fiacbahia.com.br\/2024\/ingressos-fiac-bahia-15\/","title":{"rendered":"Ingressos FIAC Bahia 15"},"content":{"rendered":"<p>Os Ingressos para os espet\u00e1culos pagos do FIAC Bahia 15 custam R$ 30,00 (inteira) e R$ 15,00 (meia), e estar\u00e3o dispon\u00edveis para compra na plataforma Sympla. Eles poder\u00e3o ser adquiridos tamb\u00e9m nas bilheterias dos teatros onde acontecer\u00e3o as sess\u00f5es, 1h antes do in\u00edcio do espet\u00e1culo (mediante disponibilidade).<\/p>\n<p>Parte da programa\u00e7\u00e3o do FIAC Bahia este ano \u00e9 gratuita e, neste caso, as senhas tamb\u00e9m ser\u00e3o distribu\u00eddas nas bilheterias dos espa\u00e7os onde acontecem as sess\u00f5es, 1h antes do in\u00edcio da a\u00e7\u00e3o programada.<\/p>\n<p><strong><em>Em breve divulgaremos toda a programa\u00e7\u00e3o do FIAC Bahia 2024,a ssim como os links para compra de ingressos.<\/em><br \/>\n<\/strong><\/p>\n<p>A 15\u00aa. edi\u00e7\u00e3o do FIAC Bahia acontecer\u00e1 entre os dias 22 e 27 de outubro em Salvador, com apoio financeiro do Estado da Bahia, atrav\u00e9s do Fundo de Cultura, Secretaria de Cultura e Secretaria da Fazenda.<\/p>\n","protected":false},"excerpt":{"rendered":"<p>Os Ingressos para os espet\u00e1culos pagos do FIAC Bahia 15 custam R$ 30,00 (inteira) e R$ 15,00 (meia), e estar\u00e3o dispon\u00edveis para compra na plataforma Sympla. Eles poder\u00e3o ser adquiridos tamb\u00e9m nas bilheterias dos teatros onde acontecer\u00e3o as sess\u00f5es, 1h antes do in\u00edcio do espet\u00e1culo (mediante disponibilidade).<\/p>\n<p>Parte da programa\u00e7\u00e3o do FIAC Bahia este ano \u00e9 gratuita e, neste caso, as senhas tamb\u00e9m ser\u00e3o distribu\u00eddas nas bilheterias dos espa\u00e7os onde acontecem as sess\u00f5es, 1h antes do in\u00edcio da a\u00e7\u00e3o programada.<\/p>\n<p>Em breve divulgaremos toda a programa\u00e7\u00e3o do FIAC Bahia 2024,a ssim como os links para compra de ingressos. <\/p>\n<p>A 15\u00aa. edi\u00e7\u00e3o do FIAC Bahia acontecer\u00e1 entre os dias 22 e 27 de outubro em Salvador, com apoio financeiro do Estado da Bahia, atrav\u00e9s do Fundo de Cultura, Secretaria de Cultura e Secretaria da Fazenda.<\/p>\n","protected":false},"author":8,"featured_media":0,"parent":0,"menu_order":0,"comment_status":"closed","ping_status":"closed","template":"","meta":{"_et_pb_use_builder":"","_et_pb_old_content":"","_et_gb_content_width":"","footnotes":""},"class_list":["post-1084","page","type-page","status-publish","hentry"],"acf":[],"_links":{"self":[{"href":"https:\/\/fiacbahia.com.br\/2024\/wp-json\/wp\/v2\/pages\/1084","targetHints":{"allow":["GET"]}}],"collection":[{"href":"https:\/\/fiacbahia.com.br\/2024\/wp-json\/wp\/v2\/pages"}],"about":[{"href":"https:\/\/fiacbahia.com.br\/2024\/wp-json\/wp\/v2\/types\/page"}],"author":[{"embeddable":true,"href":"https:\/\/fiacbahia.com.br\/2024\/wp-json\/wp\/v2\/users\/8"}],"replies":[{"embeddable":true,"href":"https:\/\/fiacbahia.com.br\/2024\/wp-json\/wp\/v2\/comments?post=1084"}],"version-history":[{"count":3,"href":"https:\/\/fiacbahia.com.br\/2024\/wp-json\/wp\/v2\/pages\/1084\/revisions"}],"predecessor-version":[{"id":1161,"href":"https:\/\/fiacbahia.com.br\/2024\/wp-json\/wp\/v2\/pages\/1084\/revisions\/1161"}],"wp:attachment":[{"href":"https:\/\/fiacbahia.com.br\/2024\/wp-json\/wp\/v2\/media?parent=1084"}],"curies":[{"name":"wp","href":"https:\/\/api.w.org\/{rel}","templated":true}]}}