{"id":1063,"date":"2022-10-24T10:36:16","date_gmt":"2022-10-24T13:36:16","guid":{"rendered":"https:\/\/fiacbahia.com.br\/?page_id=1063"},"modified":"2024-11-01T09:13:57","modified_gmt":"2024-11-01T12:13:57","slug":"fichatec","status":"publish","type":"page","link":"https:\/\/fiacbahia.com.br\/2024\/fichatec\/","title":{"rendered":"Ficha T\u00e9cnica"},"content":{"rendered":"<p>Coordena\u00e7\u00e3o Geral<br \/>\n<strong>Felipe Assis<\/strong><br \/>\n<strong>Rita Aquino<\/strong><\/p>\n<p>Curadoria<br \/>\n<strong>Alexandra Dumas<\/strong><br \/>\n<strong>Beto Mettig<\/strong><br \/>\n<strong>Felipe de Assis<\/strong><br \/>\n<strong>Luiz Ant\u00f4nio Sena Jr.<\/strong><br \/>\n<strong>Rita Aquino<\/strong><br \/>\n<strong>V\u00e2nia Oliveira<\/strong><\/p>\n<p><strong>Coordena\u00e7\u00e3o administrativa<\/strong><br \/>\n<strong>Jos\u00e9 Leal<\/strong><\/p>\n<p>Assessoria jur\u00eddica<br \/>\n<strong>Emerson Cabral<\/strong><\/p>\n<p><strong>PRODU\u00c7\u00c3O<\/strong><\/p>\n<p>Coordena\u00e7\u00e3o de Produ\u00e7\u00e3o<br \/>\n<strong>Luiz Ant\u00f4nio Sena Jr.<\/strong><\/p>\n<p>Produ\u00e7\u00e3o Art\u00edstica<br \/>\n<strong>Benin Ortiz<\/strong><\/p>\n<p>Produ\u00e7\u00e3o Log\u00edstica<br \/>\n<strong>Trinidad Opelt<\/strong><\/p>\n<p>Produ\u00e7\u00e3o de Espa\u00e7os<br \/>\n<strong>Aglei<\/strong><br \/>\n<strong>Benin Ortiz<\/strong><br \/>\n<strong>Larissa Lib\u00f3rio<\/strong><\/p>\n<p>Bilheteria<br \/>\n<strong>Sandra Valverde<\/strong><br \/>\n<strong>Yago Fabiano<\/strong><\/p>\n<p><strong>Coordena\u00e7\u00e3o T\u00e9cnica<\/strong><br \/>\n<strong>Irma Vidal<\/strong><\/p>\n<p>Assist\u00eancia T\u00e9cnica<br \/>\n<strong>Lucas Barral<\/strong><\/p>\n<p>Estagi\u00e1rios T\u00e9cnica<br \/>\n<strong>Israel Nascimento<\/strong><br \/>\n<strong>Maicon Esdras<\/strong><br \/>\n<strong>M\u00e1rcio Fernandes<\/strong><br \/>\n<strong>Mariane Veiga<\/strong><br \/>\n<strong>Rildo Santos<\/strong><\/p>\n<p><strong>ATIVIDADES FORMATIVAS<\/strong><\/p>\n<p>Coordena\u00e7\u00e3o de Atividades Formativas<br \/>\n<strong>Rita Aquino<\/strong><\/p>\n<p>Assist\u00eancia de Atividades Formativas<br \/>\n<strong>Marina de Moraes<\/strong><\/p>\n<p>Mediadores culturais<br \/>\n<strong>Elinilson Soares<\/strong><br \/>\n<strong>Thiago Cohen<\/strong><\/p>\n<p>Tradu\u00e7\u00e3o e Interpreta\u00e7\u00e3o de Libras<br \/>\n<strong>D\u00ea Um Sinal<\/strong><\/p>\n<p><strong>COMUNICA\u00c7\u00c3O<\/strong><\/p>\n<p>Coordena\u00e7\u00e3o de comunica\u00e7\u00e3o<br \/>\n<strong>Beto Mettig<\/strong><\/p>\n<p>Equipe de comunica\u00e7\u00e3o<br \/>\n<strong>Jean Cardoso (Assessoria de imprensa)<\/strong><br \/>\n<strong>Vin\u00edcius Elizi\u00e1rio\/Boca de Filmes (audiovisual &#8211; redes sociais)<\/strong><br \/>\n<strong>Erik Lima (edi\u00e7\u00e3o &#8211; redes sociais)<\/strong><\/p>\n<p>Projeto visual<br \/>\n<strong>TANTO Cria\u00e7\u00f5es Compartilhadas<\/strong><br \/>\n<strong>(Daniel Sab\u00f3ia, F\u00e1bio Steque e Patr\u00edcia Almeida)<\/strong><\/p>\n<p>Gerenciamento redes sociais<br \/>\n<strong>LEAD Performance<\/strong><\/p>\n<p>Website Cria\u00e7\u00e3o<br \/>\n<strong>TANTO Cria\u00e7\u00f5es Compartilhadas<\/strong><\/p>\n<p>Website Desenvolvimento<br \/>\n<strong>Diego Fox<\/strong><\/p>\n<p>Registro fotogr\u00e1fico<br \/>\n<strong>Isabela Bugmann<\/strong><\/p>\n<p>Registro audiovisual<br \/>\n<strong>Simples Produ\u00e7\u00f5es <\/strong><br \/>\n<strong>Jo\u00e3o Tatu (Dire\u00e7\u00e3o)<\/strong><br \/>\n<strong>Gabriel Teixeira (Imagens adicionais)<\/strong><br \/>\n<strong>Milena Raynal (Produ\u00e7\u00e3o)<\/strong><br \/>\n<strong>Daniel Santos (Assistente)<\/strong><\/p>\n<p>Trilha e spot<br \/>\n<strong>Tito Vin\u00edcius<\/strong><\/p>\n<p>Locu\u00e7\u00e3o<br \/>\n<strong>Felipe de Assis<\/strong><\/p>\n<p><b>\u00a0<\/b><\/p>\n<p>&nbsp;<\/p>\n","protected":false},"excerpt":{"rendered":"<p>Coordena\u00e7\u00e3o Geral Felipe Assis Rita Aquino<\/p>\n<p>Curadoria Alexandra Dumas Beto Mettig Felipe de Assis Luiz Ant\u00f4nio Sena Jr. Rita Aquino V\u00e2nia Oliveira<\/p>\n<p>Coordena\u00e7\u00e3o administrativa Jos\u00e9 Leal<\/p>\n<p>Assessoria jur\u00eddica Emerson Cabral<\/p>\n<p>PRODU\u00c7\u00c3O<\/p>\n<p>Coordena\u00e7\u00e3o de Produ\u00e7\u00e3o Luiz Ant\u00f4nio Sena Jr.<\/p>\n<p>Produ\u00e7\u00e3o Art\u00edstica Benin Ortiz<\/p>\n<p>Produ\u00e7\u00e3o Log\u00edstica Trinidad Opelt<\/p>\n<p>Produ\u00e7\u00e3o de Espa\u00e7os Aglei Benin Ortiz Larissa Lib\u00f3rio<\/p>\n<p>Bilheteria Sandra Valverde Yago Fabiano<\/p>\n<p>Coordena\u00e7\u00e3o T\u00e9cnica Irma Vidal<\/p>\n<p>Assist\u00eancia T\u00e9cnica Lucas Barral<\/p>\n<p>Estagi\u00e1rios T\u00e9cnica Israel Nascimento Maicon Esdras M\u00e1rcio Fernandes Mariane Veiga Rildo Santos<\/p>\n<p>ATIVIDADES FORMATIVAS<\/p>\n<p>Coordena\u00e7\u00e3o de Atividades Formativas Rita Aquino<\/p>\n<p>Assist\u00eancia de Atividades Formativas Marina de Moraes<\/p>\n<p>Mediadores culturais Elinilson Soares Thiago Cohen<\/p>\n<p>Tradu\u00e7\u00e3o e Interpreta\u00e7\u00e3o de Libras D\u00ea Um Sinal<\/p>\n<p>COMUNICA\u00c7\u00c3O<\/p>\n<p>Coordena\u00e7\u00e3o de comunica\u00e7\u00e3o Beto Mettig<\/p>\n<p>Equipe de comunica\u00e7\u00e3o Jean Cardoso (Assessoria de imprensa) Vin\u00edcius Elizi\u00e1rio\/Boca de Filmes (audiovisual &#8211; redes sociais) Erik Lima (edi\u00e7\u00e3o &#8211; redes sociais)<\/p>\n<p>Projeto visual TANTO Cria\u00e7\u00f5es Compartilhadas (Daniel Sab\u00f3ia, F\u00e1bio Steque e Patr\u00edcia Almeida)<\/p>\n<p>Gerenciamento redes &#8230;<\/p>\n","protected":false},"author":1,"featured_media":0,"parent":0,"menu_order":0,"comment_status":"closed","ping_status":"closed","template":"page-template-fiac.php","meta":{"_et_pb_use_builder":"","_et_pb_old_content":"","_et_gb_content_width":"","footnotes":""},"class_list":["post-1063","page","type-page","status-publish","hentry"],"acf":[],"_links":{"self":[{"href":"https:\/\/fiacbahia.com.br\/2024\/wp-json\/wp\/v2\/pages\/1063","targetHints":{"allow":["GET"]}}],"collection":[{"href":"https:\/\/fiacbahia.com.br\/2024\/wp-json\/wp\/v2\/pages"}],"about":[{"href":"https:\/\/fiacbahia.com.br\/2024\/wp-json\/wp\/v2\/types\/page"}],"author":[{"embeddable":true,"href":"https:\/\/fiacbahia.com.br\/2024\/wp-json\/wp\/v2\/users\/1"}],"replies":[{"embeddable":true,"href":"https:\/\/fiacbahia.com.br\/2024\/wp-json\/wp\/v2\/comments?post=1063"}],"version-history":[{"count":12,"href":"https:\/\/fiacbahia.com.br\/2024\/wp-json\/wp\/v2\/pages\/1063\/revisions"}],"predecessor-version":[{"id":1358,"href":"https:\/\/fiacbahia.com.br\/2024\/wp-json\/wp\/v2\/pages\/1063\/revisions\/1358"}],"wp:attachment":[{"href":"https:\/\/fiacbahia.com.br\/2024\/wp-json\/wp\/v2\/media?parent=1063"}],"curies":[{"name":"wp","href":"https:\/\/api.w.org\/{rel}","templated":true}]}}