{"id":774,"date":"2021-11-22T15:55:08","date_gmt":"2021-11-22T18:55:08","guid":{"rendered":"https:\/\/fiacbahia.com.br\/?page_id=774"},"modified":"2021-11-22T16:05:54","modified_gmt":"2021-11-22T19:05:54","slug":"bemvinde","status":"publish","type":"page","link":"https:\/\/fiacbahia.com.br\/2021\/bemvinde\/","title":{"rendered":"Bem vinde ao FIAC!"},"content":{"rendered":"<p>O <em><strong>FIAC Bahia<\/strong><\/em> come\u00e7ou sua 13\u00aa edi\u00e7\u00e3o questionando: \u201cO que a gente quer mover, recriar, implodir?\u201d De 26 a 31 de outubro de 2021 reunimos artistas, obras e p\u00fablicos para construir di\u00e1logos sobre corpo, terra e l\u00edngua, a partir de uma <a href=\"https:\/\/fiacbahia.com.br\/curadoria\/\">curadoria<\/a> que escavou o conceito dos sambaquis brasileiros.<\/p>\n<p>O FIAC foi recriado e implodido em redes e em <a href=\"https:\/\/fiacbahia.com.br\/estreia\/\">metaverso<\/a>; seis dias de oficinas, encontros, montagens e desmontagens movidos por 60 pessoas diretamente ligadas \u00e0 constru\u00e7\u00e3o deste festival-sambaqui. Presen\u00e7as num tempo espiralar cruzando contatos e trocas numa grande montanha em movimento.<\/p>\n<p>Sem cada uma delas n\u00e3o seria poss\u00edvel criar as camadas dessa 13\u00aa. edi\u00e7\u00e3o, que teve apoio financeiro do Governo do Estado, atrav\u00e9s do Fundo de Cultura, Secretaria da Fazenda e Secretaria de Cultura da Bahia, contemplado pelo Edital de Eventos Culturais Calendarizados.<\/p>\n<p>A todes, um agradecimento do tamanho de um sambaqui!<\/p>\n<p>A programa\u00e7\u00e3o oficial do FIAC Bahia 2021 pode ter chegado a um fim no \u00faltimo dia 31\/10\/21, mas os corpos, terras e l\u00ednguas reunidos e revolvidos nesta edi\u00e7\u00e3o n\u00e3o se esgotam. Nosso site vira territ\u00f3rio de novas conex\u00f5es. Ele continua em movimento e \u00e9 ponto de encontro, no qual artistas e suas obras disparam ideias a serem desdobradas em outros processos, no vir a ser, em 2022.<\/p>\n<p>Fa\u00e7a uma visita. Seja bem-vinde!<\/p>\n<p><strong>Para come\u00e7ar, alguns caminhos poss\u00edveis:<\/strong><\/p>\n<p><strong>&gt;&gt; <\/strong>Quer escavar os sambaquis de artistas da nossa programa\u00e7\u00e3o 2021? Clique <strong><a href=\"https:\/\/fiacbahia.com.br\/#artistas\"><em>neste link<\/em><\/a>.<\/strong><\/p>\n<p><strong>&gt;&gt;<\/strong> Confira alguns webin\u00e1rios e encontros realizados no FIAC visitando nossa <a href=\"https:\/\/www.youtube.com\/c\/FIACBahiafestival\/videos\"><strong><em>p\u00e1gina no YouTube<\/em><\/strong><\/a>.<\/p>\n<p><strong>&gt;&gt;<\/strong> Para saber sobre a curadoria da edi\u00e7\u00e3o 2021 do FIAC Bahia, <a href=\"https:\/\/fiacbahia.com.br\/curadoria\/\"><em><strong>acesse aqui<\/strong><\/em><\/a>.<\/p>\n<p><strong>&gt;&gt;<\/strong> Saiba mais sobre as atividades formativas que comp\u00f5em o FIAC Bahia entrando <a href=\"https:\/\/fiacbahia.com.br\/#atividades\"><strong>neste link<\/strong><\/a>.<\/p>\n<p><strong>&gt;&gt; <\/strong>Assine nossa <a href=\"https:\/\/mailchi.mp\/7oito\/cadastro\"><strong>newsletter<\/strong><\/a> e fique por dentro de todas as novidades do FIAC!<strong><br \/>\n<\/strong><\/p>\n<p>&nbsp;<\/p>\n","protected":false},"excerpt":{"rendered":"<p>O FIAC Bahia come\u00e7ou sua 13\u00aa edi\u00e7\u00e3o questionando: \u201cO que a gente quer mover, recriar, implodir?\u201d De 26 a 31 de outubro de 2021 reunimos artistas, obras e p\u00fablicos para construir di\u00e1logos sobre corpo, terra e l\u00edngua, a partir de uma curadoria que escavou o conceito dos sambaquis brasileiros.<\/p>\n<p>O FIAC foi recriado e implodido em redes e em metaverso; seis dias de oficinas, encontros, montagens e desmontagens movidos por 60 pessoas diretamente ligadas \u00e0 constru\u00e7\u00e3o deste festival-sambaqui. Presen\u00e7as num tempo espiralar cruzando contatos e trocas numa grande montanha em movimento.<\/p>\n<p>Sem cada uma delas n\u00e3o seria poss\u00edvel criar as camadas dessa 13\u00aa. edi\u00e7\u00e3o, que teve apoio financeiro do Governo do Estado, atrav\u00e9s do Fundo de Cultura, Secretaria da Fazenda e Secretaria de Cultura da Bahia, contemplado pelo Edital de Eventos Culturais Calendarizados.<\/p>\n<p>A todes, um agradecimento do tamanho de um sambaqui!<\/p>\n<p>A programa\u00e7\u00e3o oficial do FIAC Bahia 2021 pode &#8230;<\/p>\n","protected":false},"author":1,"featured_media":675,"parent":0,"menu_order":0,"comment_status":"closed","ping_status":"closed","template":"page-template-fiac.php","meta":{"_et_pb_use_builder":"","_et_pb_old_content":"","_et_gb_content_width":"","footnotes":""},"class_list":["post-774","page","type-page","status-publish","has-post-thumbnail","hentry"],"_links":{"self":[{"href":"https:\/\/fiacbahia.com.br\/2021\/wp-json\/wp\/v2\/pages\/774","targetHints":{"allow":["GET"]}}],"collection":[{"href":"https:\/\/fiacbahia.com.br\/2021\/wp-json\/wp\/v2\/pages"}],"about":[{"href":"https:\/\/fiacbahia.com.br\/2021\/wp-json\/wp\/v2\/types\/page"}],"author":[{"embeddable":true,"href":"https:\/\/fiacbahia.com.br\/2021\/wp-json\/wp\/v2\/users\/1"}],"replies":[{"embeddable":true,"href":"https:\/\/fiacbahia.com.br\/2021\/wp-json\/wp\/v2\/comments?post=774"}],"version-history":[{"count":5,"href":"https:\/\/fiacbahia.com.br\/2021\/wp-json\/wp\/v2\/pages\/774\/revisions"}],"predecessor-version":[{"id":779,"href":"https:\/\/fiacbahia.com.br\/2021\/wp-json\/wp\/v2\/pages\/774\/revisions\/779"}],"wp:featuredmedia":[{"embeddable":true,"href":"https:\/\/fiacbahia.com.br\/2021\/wp-json\/wp\/v2\/media\/675"}],"wp:attachment":[{"href":"https:\/\/fiacbahia.com.br\/2021\/wp-json\/wp\/v2\/media?parent=774"}],"curies":[{"name":"wp","href":"https:\/\/api.w.org\/{rel}","templated":true}]}}