{"id":698,"date":"2021-10-25T14:14:18","date_gmt":"2021-10-25T17:14:18","guid":{"rendered":"https:\/\/fiacbahia.com.br\/?page_id=698"},"modified":"2021-10-25T17:01:48","modified_gmt":"2021-10-25T20:01:48","slug":"698-2","status":"publish","type":"page","link":"https:\/\/fiacbahia.com.br\/2021\/698-2\/","title":{"rendered":"AGRADECIMENTOS"},"content":{"rendered":"<p><b>AGRADECIMENTOS<\/b><\/p>\n<p><span style=\"font-weight: 400;\">Alexandre Sim\u00f5es<br \/>\n<\/span><span style=\"font-weight: 400;\">Arany Santana<br \/>\n<\/span><span style=\"font-weight: 400;\">Bergson Nunes <\/span><span style=\"font-weight: 400;\"><br \/>\n<\/span><span style=\"font-weight: 400;\">Beth Rangel<br \/>\n<\/span><span style=\"font-weight: 400;\">Carmen Paternostro<br \/>\n<\/span><span style=\"font-weight: 400;\">Edinho Santos<br \/>\n<\/span><span style=\"font-weight: 400;\">F\u00e1bio Ema<br \/>\n<\/span><span style=\"font-weight: 400;\">Fernando Marinho<br \/>\nGuilherme Reis<br \/>\n<\/span><span style=\"font-weight: 400;\">Karen Acioly<br \/>\n<\/span><span style=\"font-weight: 400;\">Laura Castro<br \/>\n<\/span>Lenira Peral Rengel<br \/>\n<span style=\"font-weight: 400;\">Leonardo Fran\u00e7a Cordeiro<br \/>\n<\/span><span style=\"font-weight: 400;\">Marlus Ara\u00fajo<br \/>\n<\/span><span style=\"font-weight: 400;\">N\u00facleo dos Festivais Internacionais de Artes C\u00eanicas do Brasil<br \/>\n<\/span><span style=\"font-weight: 400;\">Pedro de Freitas<br \/>\n<\/span><span style=\"font-weight: 400;\">Rafael Fernandes<br \/>\n<\/span><span style=\"font-weight: 400;\">Tina Melo<br \/>\n<\/span><span style=\"font-weight: 400;\">Viic Oliveira<\/span><\/p>\n","protected":false},"excerpt":{"rendered":"<p>AGRADECIMENTOS<\/p>\n<p>Alexandre Sim\u00f5es Arany Santana Bergson Nunes Beth Rangel Carmen Paternostro Edinho Santos F\u00e1bio Ema Fernando Marinho Guilherme Reis Karen Acioly Laura Castro Lenira Peral Rengel Leonardo Fran\u00e7a Cordeiro Marlus Ara\u00fajo N\u00facleo dos Festivais Internacionais de Artes C\u00eanicas do Brasil Pedro de Freitas Rafael Fernandes Tina Melo Viic Oliveira<\/p>\n","protected":false},"author":1,"featured_media":0,"parent":0,"menu_order":0,"comment_status":"closed","ping_status":"closed","template":"page-template-fiac.php","meta":{"_et_pb_use_builder":"","_et_pb_old_content":"","_et_gb_content_width":"","footnotes":""},"class_list":["post-698","page","type-page","status-publish","hentry"],"_links":{"self":[{"href":"https:\/\/fiacbahia.com.br\/2021\/wp-json\/wp\/v2\/pages\/698","targetHints":{"allow":["GET"]}}],"collection":[{"href":"https:\/\/fiacbahia.com.br\/2021\/wp-json\/wp\/v2\/pages"}],"about":[{"href":"https:\/\/fiacbahia.com.br\/2021\/wp-json\/wp\/v2\/types\/page"}],"author":[{"embeddable":true,"href":"https:\/\/fiacbahia.com.br\/2021\/wp-json\/wp\/v2\/users\/1"}],"replies":[{"embeddable":true,"href":"https:\/\/fiacbahia.com.br\/2021\/wp-json\/wp\/v2\/comments?post=698"}],"version-history":[{"count":4,"href":"https:\/\/fiacbahia.com.br\/2021\/wp-json\/wp\/v2\/pages\/698\/revisions"}],"predecessor-version":[{"id":704,"href":"https:\/\/fiacbahia.com.br\/2021\/wp-json\/wp\/v2\/pages\/698\/revisions\/704"}],"wp:attachment":[{"href":"https:\/\/fiacbahia.com.br\/2021\/wp-json\/wp\/v2\/media?parent=698"}],"curies":[{"name":"wp","href":"https:\/\/api.w.org\/{rel}","templated":true}]}}