{"id":694,"date":"2021-10-25T14:10:15","date_gmt":"2021-10-25T17:10:15","guid":{"rendered":"https:\/\/fiacbahia.com.br\/?page_id=694"},"modified":"2021-11-10T16:08:55","modified_gmt":"2021-11-10T19:08:55","slug":"ficha-tecnica","status":"publish","type":"page","link":"https:\/\/fiacbahia.com.br\/2021\/ficha-tecnica\/","title":{"rendered":"Ficha T\u00e9cnica"},"content":{"rendered":"<h3>Ficha T\u00e9cnica<\/h3>\n<p><b>Coordena\u00e7\u00e3o Geral<br \/>\n<\/b><span style=\"font-weight: 400;\">Felipe Assis<br \/>\n<\/span><span style=\"font-weight: 400;\">Rita Aquino<\/span><\/p>\n<p><b>Curadoria<br \/>\n<\/b><span style=\"font-weight: 400;\">Beto Mettig<br \/>\n<\/span><span style=\"font-weight: 400;\">Edu O.<br \/>\n<\/span><span style=\"font-weight: 400;\">Felipe de Assis<br \/>\n<\/span><span style=\"font-weight: 400;\">Luiz Ant\u00f4nio Sena Jr.<br \/>\n<\/span><span style=\"font-weight: 400;\">Rita Aquino<br \/>\n<\/span><span style=\"font-weight: 400;\">Soraya Martins<\/span><\/p>\n<p><b>Coordena\u00e7\u00e3o administrativa<br \/>\n<\/b><span style=\"font-weight: 400;\">Jos\u00e9 Leal\u00a0<\/span><\/p>\n<p><b>Assessoria jur\u00eddica<br \/>\n<\/b><span style=\"font-weight: 400;\">Emerson Cabral<\/span><\/p>\n<p><b><i>PRODU\u00c7\u00c3O\u00a0<\/i><\/b><\/p>\n<p><b>Coordena\u00e7\u00e3o de Produ\u00e7\u00e3o<br \/>\n<\/b><span style=\"font-weight: 400;\">Luiz Ant\u00f4nio Sena Jr.<\/span><\/p>\n<p><b>Produ\u00e7\u00e3o Executiva<br \/>\n<\/b><span style=\"font-weight: 400;\">Benin Ortiz\u00a0<\/span><\/p>\n<p><b>Supervis\u00e3o T\u00e9cnico<br \/>\n<\/b><span style=\"font-weight: 400;\">Lucas Barreto de S\u00e1<\/span><\/p>\n<p><b><i>ATIVIDADES FORMATIVAS<\/i><\/b><\/p>\n<p><b>Semin\u00e1rio Internacional de Curadoria e Media\u00e7\u00e3o em Artes C\u00eanicas<br \/>\n<\/b><span style=\"font-weight: 400;\">Felipe de Assis<br \/>\n<\/span><span style=\"font-weight: 400;\">Luiz Ant\u00f4nio Sena Jr.<br \/>\n<\/span><span style=\"font-weight: 400;\">Rita Aquino<\/span><\/p>\n<p><b>Mediadores culturais<br \/>\n<\/b><span style=\"font-weight: 400;\">Ana Brand\u00e3o<br \/>\n<\/span><span style=\"font-weight: 400;\">C\u00edntia Santos<br \/>\n<\/span><span style=\"font-weight: 400;\">Claudiana Hon\u00f3rio<br \/>\n<\/span><span style=\"font-weight: 400;\">Elinilson Soares<br \/>\n<\/span><span style=\"font-weight: 400;\">Rita Aquino<\/span><\/p>\n<p><b>Tradu\u00e7\u00e3o e Interpreta\u00e7\u00e3o de Libras<br \/>\n<\/b><span style=\"font-weight: 400;\">Anderson Siqueira<br \/>\n<\/span><span style=\"font-weight: 400;\">C\u00edntia Santos<br \/>\n<\/span><span style=\"font-weight: 400;\">Gabriela Mattos<br \/>\n<\/span><span style=\"font-weight: 400;\">Jo\u00e3o Ricardo Bispo<br \/>\n<\/span><span style=\"font-weight: 400;\">Lucas Alves<br \/>\n<\/span><span style=\"font-weight: 400;\">Vanessa Andrade<\/span><\/p>\n<p><b>Tradu\u00e7\u00e3o<br \/>\n<\/b><span style=\"font-weight: 400;\">Trinidad Opelt<br \/>\n<\/span><span style=\"font-weight: 400;\">Gustavo Valezzi<\/span><\/p>\n<p><b><i>COMUNICA\u00c7\u00c3O<\/i><\/b><\/p>\n<p><b>Coordena\u00e7\u00e3o<\/b><span style=\"font-weight: 400;\"><br \/>\n<\/span><span style=\"font-weight: 400;\">Beto Mettig<\/span><\/p>\n<p><b>Equipe comunica\u00e7\u00e3o<br \/>\n<\/b><span style=\"font-weight: 400;\">Jean Cardoso (assistente comunica\u00e7\u00e3o), Christiane Sampaio (jornalista) e Vin\u00edcius Elizi\u00e1rio (audiovisual)<br \/>\n<\/span><\/p>\n<p><b>Projeto visual<br \/>\n<\/b><span style=\"font-weight: 400;\">TANTO Cria\u00e7\u00f5es Compartilhadas<br \/>\n<\/span><span style=\"font-weight: 400;\">(Daniel Sab\u00f3ia, F\u00e1bio Steque e Patr\u00edcia Almeida)<\/span><\/p>\n<p><b>Impulsionamento de Redes sociais<br \/>\n<\/b><span style=\"font-weight: 400;\">Cristina Neves<\/span><\/p>\n<p><b>Website <\/b><b>Cria\u00e7\u00e3o<br \/>\n<\/b><span style=\"font-weight: 400;\">TANTO Cria\u00e7\u00f5es Compartilhadas<br \/>\n<\/span><b>Desenvolvimento<br \/>\n<\/b><span style=\"font-weight: 400;\">Diego Fox<\/span><\/p>\n<p><b>Registro audiovisual e fotogr\u00e1fico<br \/>\n<\/b><span style=\"font-weight: 400;\">Camboa Audiovisual<br \/>\n<\/span><span style=\"font-weight: 400;\">(Gabriel Teixeira e Lara Beck Belov)<\/span><\/p>\n<p><b>Trilha e spot<br \/>\n<\/b><span style=\"font-weight: 400;\">Tito Vin\u00edcius<\/span><\/p>\n<p><b>Locu\u00e7\u00e3o<br \/>\n<\/b><span style=\"font-weight: 400;\">Felipe de Assis<\/span><\/p>\n","protected":false},"excerpt":{"rendered":"<p>Ficha T\u00e9cnica <\/p>\n<p>Coordena\u00e7\u00e3o Geral Felipe Assis Rita Aquino<\/p>\n<p>Curadoria Beto Mettig Edu O. Felipe de Assis Luiz Ant\u00f4nio Sena Jr. Rita Aquino Soraya Martins<\/p>\n<p>Coordena\u00e7\u00e3o administrativa Jos\u00e9 Leal\u00a0<\/p>\n<p>Assessoria jur\u00eddica Emerson Cabral<\/p>\n<p>PRODU\u00c7\u00c3O\u00a0<\/p>\n<p>Coordena\u00e7\u00e3o de Produ\u00e7\u00e3o Luiz Ant\u00f4nio Sena Jr.<\/p>\n<p>Produ\u00e7\u00e3o Executiva Benin Ortiz\u00a0<\/p>\n<p>Supervis\u00e3o T\u00e9cnico Lucas Barreto de S\u00e1<\/p>\n<p>ATIVIDADES FORMATIVAS<\/p>\n<p>Semin\u00e1rio Internacional de Curadoria e Media\u00e7\u00e3o em Artes C\u00eanicas Felipe de Assis Luiz Ant\u00f4nio Sena Jr. Rita Aquino<\/p>\n<p>Mediadores culturais Ana Brand\u00e3o C\u00edntia Santos Claudiana Hon\u00f3rio Elinilson Soares Rita Aquino<\/p>\n<p>Tradu\u00e7\u00e3o e Interpreta\u00e7\u00e3o de Libras Anderson Siqueira C\u00edntia Santos Gabriela Mattos Jo\u00e3o Ricardo Bispo Lucas Alves Vanessa Andrade<\/p>\n<p>Tradu\u00e7\u00e3o Trinidad Opelt Gustavo Valezzi<\/p>\n<p>COMUNICA\u00c7\u00c3O<\/p>\n<p>Coordena\u00e7\u00e3o Beto Mettig<\/p>\n<p>Equipe comunica\u00e7\u00e3o Jean Cardoso (assistente comunica\u00e7\u00e3o), Christiane Sampaio (jornalista) e Vin\u00edcius Elizi\u00e1rio (audiovisual) <\/p>\n<p>Projeto visual TANTO Cria\u00e7\u00f5es Compartilhadas (Daniel Sab\u00f3ia, F\u00e1bio Steque e Patr\u00edcia Almeida)<\/p>\n<p>Impulsionamento de Redes sociais Cristina Neves<\/p>\n<p>Website Cria\u00e7\u00e3o TANTO Cria\u00e7\u00f5es Compartilhadas Desenvolvimento Diego Fox<\/p>\n<p>Registro &#8230;<\/p>\n","protected":false},"author":1,"featured_media":0,"parent":0,"menu_order":0,"comment_status":"closed","ping_status":"closed","template":"page-template-fiac.php","meta":{"_et_pb_use_builder":"","_et_pb_old_content":"","_et_gb_content_width":"","footnotes":""},"class_list":["post-694","page","type-page","status-publish","hentry"],"_links":{"self":[{"href":"https:\/\/fiacbahia.com.br\/2021\/wp-json\/wp\/v2\/pages\/694","targetHints":{"allow":["GET"]}}],"collection":[{"href":"https:\/\/fiacbahia.com.br\/2021\/wp-json\/wp\/v2\/pages"}],"about":[{"href":"https:\/\/fiacbahia.com.br\/2021\/wp-json\/wp\/v2\/types\/page"}],"author":[{"embeddable":true,"href":"https:\/\/fiacbahia.com.br\/2021\/wp-json\/wp\/v2\/users\/1"}],"replies":[{"embeddable":true,"href":"https:\/\/fiacbahia.com.br\/2021\/wp-json\/wp\/v2\/comments?post=694"}],"version-history":[{"count":8,"href":"https:\/\/fiacbahia.com.br\/2021\/wp-json\/wp\/v2\/pages\/694\/revisions"}],"predecessor-version":[{"id":770,"href":"https:\/\/fiacbahia.com.br\/2021\/wp-json\/wp\/v2\/pages\/694\/revisions\/770"}],"wp:attachment":[{"href":"https:\/\/fiacbahia.com.br\/2021\/wp-json\/wp\/v2\/media?parent=694"}],"curies":[{"name":"wp","href":"https:\/\/api.w.org\/{rel}","templated":true}]}}