{"id":539,"date":"2021-10-21T11:00:03","date_gmt":"2021-10-21T14:00:03","guid":{"rendered":"https:\/\/fiacbahia.com.br\/?page_id=539"},"modified":"2021-11-22T15:49:43","modified_gmt":"2021-11-22T18:49:43","slug":"estreia","status":"publish","type":"page","link":"https:\/\/fiacbahia.com.br\/2021\/estreia\/","title":{"rendered":"Estreia FIAC 2021"},"content":{"rendered":"<p>A edi\u00e7\u00e3o-sambaqui do <strong><em>FIAC Bahia<\/em><\/strong> aconteceu de 26 a 31 de outubro de 2021 com apoio financeiro do Governo do Estado, atrav\u00e9s do Fundo de Cultura, Secretaria da Fazenda e Secretaria de Cultura da Bahia, contemplado pelo Edital de Eventos Culturais Calendarizados.<\/p>\n<p>Realizado pela 7Oito Projetos &amp; Produ\u00e7\u00f5es, o Festival abriu portais para promover encontros potentes entre artistas da sua programa\u00e7\u00e3o e o p\u00fablico, criando comunidades capazes de fertilizar camadas sustent\u00e1veis da cadeia produtiva da Cultura.<\/p>\n<p><strong>Uma experi\u00eancia em Metaverso!<br \/>\n<\/strong><\/p>\n<p>O FIAC Bahia 2021 foi um festival como nunca fizemos antes. Ent\u00e3o, resolvemos ousar at\u00e9 na abertura: ela foi realizada no <a href=\"http:\/\/fiacbahia.museu.xyz\/\"><strong>museu.xyz<\/strong><\/a>, um territ\u00f3rio imersivo na internet. Nossa estreia aconteceu em metaverso, um ambiente que replica a realidade atrav\u00e9s de dispositivos digitais. Nesse espa\u00e7o coletivo \u00e9 poss\u00edvel interagir, caminhar, dan\u00e7ar, voar e, no FIAC Bahia 2021, viver uma experi\u00eancia em artes c\u00eanicas!<\/p>\n<p>Na noite de 26\/10 o FIAC promoveu um encontro ao vivo do p\u00fablico com a artista, educadora e l\u00edder ind\u00edgena Glic\u00e9ria Tupinamb\u00e1 (BA) e sua obra <a href=\"https:\/\/fiacbahia.com.br\/artista\/gliceriatupinamba\/\"><em><strong>Muatiri\u00e7awa up\u00e9 Assojaba Tupinamb\u00e1 \/Manto Tupinamb\u00e1 em movimento<\/strong><\/em><\/a>, dialogando com os encantados, a cidade de Salvador e os territ\u00f3rios digitais.<\/p>\n<p><strong>Como acessar o museu.xyz:<\/strong><\/p>\n<p><strong>&gt;&gt;<\/strong> Clicando <em><strong><a href=\"http:\/\/fiacbahia.museu.xyz\/\">aqui<\/a><\/strong><\/em> voc\u00ea entra na galeria <strong>museu.xyz<\/strong>.<\/p>\n<p><strong>&gt;&gt;<\/strong> N\u00e3o \u00e9 necess\u00e1rio baixar ou instalar nenhum aplicativo. Voc\u00ea poder\u00e1 acessar este espa\u00e7o virtual pelo celular, mas recomendamos utilizar o computador para melhor experi\u00eancia.<\/p>\n<p><strong>&gt;&gt;<\/strong> Quando entrar no ambiente virtual, voc\u00ea poder\u00e1 navegar pelo espa\u00e7o. Se estiver no computador, mude a dire\u00e7\u00e3o com o mouse e use as setas do teclado para andar para frente <strong>\u1431<\/strong>, para tr\u00e1s <strong>\u142f<\/strong>, para a direita <strong>\u1433<\/strong> e para a esquerda <strong>\u1438<\/strong>.<\/p>\n<p><strong>&gt;&gt;<\/strong> Com o celular, os mesmos comandos s\u00e3o realizados tocando a tela do aparelho.<\/p>\n<p>Durante o FIAC Bahia 2021, a galeria <strong>fiacbahia.museu.<\/strong><strong>xyz<\/strong> continha explica\u00e7\u00f5es adicionais de como aproveitar toda a experi\u00eancia imersiva. Eram quatro andares: Terra\u00e7o SAMBAQUI, 3\u00ba andar TERRA, 2\u00ba andar CORPO e 1\u00ba andar L\u00cdNGUA \u2013 onde aconteceu nossa tradicional festinha de estreia!<\/p>\n<p><strong>Mais informa\u00e7\u00f5es sobre o FIAC Bahia<\/strong><\/p>\n<p><strong>&gt;&gt;<\/strong> Confira as informa\u00e7\u00f5es dos webin\u00e1rios e encontros do <a href=\"https:\/\/fiacbahia.com.br\/atividade\/seminario\/\"><em><strong>Semin\u00e1rio Internacional de Curadoria e Media\u00e7\u00e3o do FIAC<\/strong><\/em><\/a>.<\/p>\n<p><strong>&gt;&gt;<\/strong> Para saber sobre a curadoria da edi\u00e7\u00e3o 2021 do FIAC Bahia, <a href=\"https:\/\/fiacbahia.com.br\/curadoria\/\"><em><strong>acesse aqui<\/strong><\/em><\/a>.<\/p>\n<p><strong>&gt;&gt;<\/strong> Para escavar os sambaquis de artistas de nossa programa\u00e7\u00e3o, clique <a href=\"https:\/\/fiacbahia.com.br\/#artistas\"><em><strong>neste link<\/strong><\/em><\/a>.<\/p>\n<p>&nbsp;<\/p>\n","protected":false},"excerpt":{"rendered":"<p>A edi\u00e7\u00e3o-sambaqui do FIAC Bahia aconteceu de 26 a 31 de outubro de 2021 com apoio financeiro do Governo do Estado, atrav\u00e9s do Fundo de Cultura, Secretaria da Fazenda e Secretaria de Cultura da Bahia, contemplado pelo Edital de Eventos Culturais Calendarizados.<\/p>\n<p>Realizado pela 7Oito Projetos &amp; Produ\u00e7\u00f5es, o Festival abriu portais para promover encontros potentes entre artistas da sua programa\u00e7\u00e3o e o p\u00fablico, criando comunidades capazes de fertilizar camadas sustent\u00e1veis da cadeia produtiva da Cultura.<\/p>\n<p>Uma experi\u00eancia em Metaverso! <\/p>\n<p>O FIAC Bahia 2021 foi um festival como nunca fizemos antes. Ent\u00e3o, resolvemos ousar at\u00e9 na abertura: ela foi realizada no museu.xyz, um territ\u00f3rio imersivo na internet. Nossa estreia aconteceu em metaverso, um ambiente que replica a realidade atrav\u00e9s de dispositivos digitais. Nesse espa\u00e7o coletivo \u00e9 poss\u00edvel interagir, caminhar, dan\u00e7ar, voar e, no FIAC Bahia 2021, viver uma experi\u00eancia em artes c\u00eanicas!<\/p>\n<p>Na noite de 26\/10 o FIAC promoveu &#8230;<\/p>\n","protected":false},"author":1,"featured_media":677,"parent":0,"menu_order":0,"comment_status":"closed","ping_status":"closed","template":"page-template-fiac.php","meta":{"_et_pb_use_builder":"","_et_pb_old_content":"","_et_gb_content_width":"","footnotes":""},"class_list":["post-539","page","type-page","status-publish","has-post-thumbnail","hentry"],"_links":{"self":[{"href":"https:\/\/fiacbahia.com.br\/2021\/wp-json\/wp\/v2\/pages\/539","targetHints":{"allow":["GET"]}}],"collection":[{"href":"https:\/\/fiacbahia.com.br\/2021\/wp-json\/wp\/v2\/pages"}],"about":[{"href":"https:\/\/fiacbahia.com.br\/2021\/wp-json\/wp\/v2\/types\/page"}],"author":[{"embeddable":true,"href":"https:\/\/fiacbahia.com.br\/2021\/wp-json\/wp\/v2\/users\/1"}],"replies":[{"embeddable":true,"href":"https:\/\/fiacbahia.com.br\/2021\/wp-json\/wp\/v2\/comments?post=539"}],"version-history":[{"count":17,"href":"https:\/\/fiacbahia.com.br\/2021\/wp-json\/wp\/v2\/pages\/539\/revisions"}],"predecessor-version":[{"id":773,"href":"https:\/\/fiacbahia.com.br\/2021\/wp-json\/wp\/v2\/pages\/539\/revisions\/773"}],"wp:featuredmedia":[{"embeddable":true,"href":"https:\/\/fiacbahia.com.br\/2021\/wp-json\/wp\/v2\/media\/677"}],"wp:attachment":[{"href":"https:\/\/fiacbahia.com.br\/2021\/wp-json\/wp\/v2\/media?parent=539"}],"curies":[{"name":"wp","href":"https:\/\/api.w.org\/{rel}","templated":true}]}}