{"id":156,"date":"2021-10-13T21:51:55","date_gmt":"2021-10-14T00:51:55","guid":{"rendered":"https:\/\/fiacbahia.com.br\/2021\/?page_id=156"},"modified":"2021-11-04T08:41:01","modified_gmt":"2021-11-04T11:41:01","slug":"o-festival","status":"publish","type":"page","link":"https:\/\/fiacbahia.com.br\/2021\/o-festival\/","title":{"rendered":"O FESTIVAL"},"content":{"rendered":"<p>O FIAC Bahia completou 13 anos em 2021, se afirmando como um laborat\u00f3rio de inova\u00e7\u00e3o em artes c\u00eanicas. Ele tem apoio financeiro do Governo do Estado, atrav\u00e9s do Fundo de Cultura, Secretaria da Fazenda e Secretaria de Cultura da Bahia, contemplado pelo Edital de Eventos Culturais Calendarizados.<\/p>\n<p>Reconhecendo-se como ambiente de forma\u00e7\u00e3o, cria\u00e7\u00e3o, produ\u00e7\u00e3o, difus\u00e3o e, sobretudo, como oportunidade para promover experi\u00eancias de m\u00faltiplas tradu\u00e7\u00f5es, o Festival Internacional de Artes C\u00eanicas da Bahia se aproxima da no\u00e7\u00e3o de participa\u00e7\u00e3o como uma convoca\u00e7\u00e3o ao engajamento direto em detrimento de esquemas de representa\u00e7\u00e3o.<\/p>\n<p>Sua proposta tem uma cad\u00eancia que atravessa o pr\u00f3prio fazer art\u00edstico; ela evoca outros saberes nas esquinas da cidade e seus espa\u00e7os, na internet e suas redes, embaralhando categorias e brincando com ambival\u00eancias.<\/p>\n<p>O FIAC Bahia \u00e9 um chamamento para a constru\u00e7\u00e3o coletiva, compreendendo que rela\u00e7\u00f5es de coautoria e fortalecimento de v\u00ednculos comunit\u00e1rios s\u00e3o a\u00e7\u00f5es em fluxo cont\u00ednuo, num tempo espiralado. Neste sentido, o festival recebe propostas de obras e atividades a qualquer tempo atrav\u00e9s do e-mail contato@7oito.com.br.<\/p>\n<p><strong>7oito projetos e produ\u00e7\u00f5es<\/strong><\/p>\n<p>A produ\u00e7\u00e3o do FIAC Bahia \u00e9 assinada pela 7oito, empresa sediada em Salvador (BA) que desenvolve projetos inovadores no campo das artes c\u00eanicas nos eixos de forma\u00e7\u00e3o, difus\u00e3o, pesquisa e cria\u00e7\u00e3o atrav\u00e9s do di\u00e1logo com artistas, comunidades, organiza\u00e7\u00f5es e institui\u00e7\u00f5es, no Brasil e no mundo.<\/p>\n<p><strong>forma\u00e7\u00e3o<\/strong><br \/>\nProjetos de media\u00e7\u00e3o cultural, cursos de qualifica\u00e7\u00e3o profissional, consultoria para forma\u00e7\u00e3o em artes e desenvolvimento de materiais did\u00e1ticos.<\/p>\n<p><strong>difus\u00e3o<\/strong><br \/>\nRealiza\u00e7\u00e3o do Festival Internacional de Artes C\u00eanicas da Bahia \u2013 FIAC Bahia, presta\u00e7\u00e3o de servi\u00e7os de curadoria para eventos, equipamentos culturais, programas e projetos.<\/p>\n<p><strong>pesquisa<\/strong><br \/>\nInvestiga\u00e7\u00f5es relacionadas aos p\u00fablicos da cultura, gera\u00e7\u00e3o de indicadores, an\u00e1lise estat\u00edstica e produ\u00e7\u00e3o de conhecimento especializado.<\/p>\n<p><strong>cria\u00e7\u00e3o<\/strong><br \/>\nProjetos interdisciplinares de dan\u00e7a, teatro e performance com \u00eanfase em colabora\u00e7\u00e3o e participa\u00e7\u00e3o.<\/p>\n<p>contato@7oito.com.br<br \/>\n<a href=\"http:\/\/7oito.com.br\/\">www.7oito.com.br<\/a><br \/>\n@7oitoproducoes<\/p>\n","protected":false},"excerpt":{"rendered":"<p>O FIAC Bahia completou 13 anos em 2021, se afirmando como um laborat\u00f3rio de inova\u00e7\u00e3o em artes c\u00eanicas. Ele tem apoio financeiro do Governo do Estado, atrav\u00e9s do Fundo de Cultura, Secretaria da Fazenda e Secretaria de Cultura da Bahia, contemplado pelo Edital de Eventos Culturais Calendarizados.<\/p>\n<p>Reconhecendo-se como ambiente de forma\u00e7\u00e3o, cria\u00e7\u00e3o, produ\u00e7\u00e3o, difus\u00e3o e, sobretudo, como oportunidade para promover experi\u00eancias de m\u00faltiplas tradu\u00e7\u00f5es, o Festival Internacional de Artes C\u00eanicas da Bahia se aproxima da no\u00e7\u00e3o de participa\u00e7\u00e3o como uma convoca\u00e7\u00e3o ao engajamento direto em detrimento de esquemas de representa\u00e7\u00e3o.<\/p>\n<p>Sua proposta tem uma cad\u00eancia que atravessa o pr\u00f3prio fazer art\u00edstico; ela evoca outros saberes nas esquinas da cidade e seus espa\u00e7os, na internet e suas redes, embaralhando categorias e brincando com ambival\u00eancias.<\/p>\n<p>O FIAC Bahia \u00e9 um chamamento para a constru\u00e7\u00e3o coletiva, compreendendo que rela\u00e7\u00f5es de coautoria e fortalecimento de v\u00ednculos comunit\u00e1rios s\u00e3o a\u00e7\u00f5es em fluxo cont\u00ednuo, num &#8230;<\/p>\n","protected":false},"author":1,"featured_media":56,"parent":0,"menu_order":0,"comment_status":"closed","ping_status":"closed","template":"page-template-fiac.php","meta":{"_et_pb_use_builder":"","_et_pb_old_content":"","_et_gb_content_width":"","footnotes":""},"class_list":["post-156","page","type-page","status-publish","has-post-thumbnail","hentry"],"_links":{"self":[{"href":"https:\/\/fiacbahia.com.br\/2021\/wp-json\/wp\/v2\/pages\/156","targetHints":{"allow":["GET"]}}],"collection":[{"href":"https:\/\/fiacbahia.com.br\/2021\/wp-json\/wp\/v2\/pages"}],"about":[{"href":"https:\/\/fiacbahia.com.br\/2021\/wp-json\/wp\/v2\/types\/page"}],"author":[{"embeddable":true,"href":"https:\/\/fiacbahia.com.br\/2021\/wp-json\/wp\/v2\/users\/1"}],"replies":[{"embeddable":true,"href":"https:\/\/fiacbahia.com.br\/2021\/wp-json\/wp\/v2\/comments?post=156"}],"version-history":[{"count":12,"href":"https:\/\/fiacbahia.com.br\/2021\/wp-json\/wp\/v2\/pages\/156\/revisions"}],"predecessor-version":[{"id":767,"href":"https:\/\/fiacbahia.com.br\/2021\/wp-json\/wp\/v2\/pages\/156\/revisions\/767"}],"wp:featuredmedia":[{"embeddable":true,"href":"https:\/\/fiacbahia.com.br\/2021\/wp-json\/wp\/v2\/media\/56"}],"wp:attachment":[{"href":"https:\/\/fiacbahia.com.br\/2021\/wp-json\/wp\/v2\/media?parent=156"}],"curies":[{"name":"wp","href":"https:\/\/api.w.org\/{rel}","templated":true}]}}